{"id":4307,"date":"2018-10-09T12:47:21","date_gmt":"2018-10-09T10:47:21","guid":{"rendered":"https:\/\/www.soccianchisemobili.com\/legal-notice\/"},"modified":"2019-02-25T12:31:55","modified_gmt":"2019-02-25T11:31:55","slug":"note-legali","status":"publish","type":"page","link":"https:\/\/www.soccianchisemobili.com\/it\/note-legali\/","title":{"rendered":"Note Legali"},"content":{"rendered":"[vc_row][vc_column][vc_empty_space][vc_column_text css=&#8221;.vc_custom_1551094186771{margin-bottom: 0px !important;}&#8221;]\n<h1>Note Legali<\/h1>\n<h3>Dichiarazione preliminare<\/h3>\n<p>Mobili Socci Anchise Snc (\u201cSOCCI\u201d) intende descrivere in questa pagina le modalit\u00e0 di gestione e le condizioni generali di utilizzo del proprio sito internet <a href=\"https:\/\/www.soccianchisemobili.com\">www.soccianchisemobili.com<\/a> (il \u201cSito\u201d), cui deve attenersi chiunque intenda navigare sulle pagine dello stesso.<\/p>\n<p>L\u2019accesso al Sito e qualunque azione che comporti la navigazione sulle sue pagine web costituiscono accettazione incondizionata delle presenti condizioni di utilizzo. Chiunque acceda al Sito, implicitamente dichiara di non utilizzare il sito e il materiale in esso contenuto per scopi illeciti o comunque contrari alle vigenti e applicabili norme di legge.<\/p>\n<h3>Diritti di propriet\u00e0 intellettuale e industriale<\/h3>\n<p>Tutti i contenuti del Sito sono protetti e tutelati dalle vigenti norme in materia di diritto d\u2019autore e di propriet\u00e0 intellettuale e industriale.<\/p>\n<p>\u00c8 vietata qualunque operazione di estrazione o reimpiego, riproduzione totale o parziale, distribuzione, pubblicazione o trasmissione del materiale presente sul Sito, non espressamente e preventivamente autorizzata per iscritto da SOCCI.\u00c8 altres\u00ec vietata ogni altra attivit\u00e0 che possa ledere i legittimi interessi degli autori e titolari dei diritti sulle opere dell\u2019ingegno e sui modelli ornamentali ivi accessibili. A titolo esemplificativo, ma non esaustivo, oltre a quanto specificato al precedente punto 2, per contenuto del Sito debbono comunque intendersi i testi, le fotografie, i filmati e le presentazioni, le banche dati, i grafici e le tabelle, gli slogan, le riproduzioni audio e video, qualunque rappresentazione grafica e\/o di testo in genere.<\/p>\n<p>Tutti i marchi, nomi a dominio, denominazioni sociali, ditte e insegne presenti sul Sito sono di titolarit\u00e0 esclusiva di SOCCI e quindi protetti dalla vigente normativa in materia di segni distintivi. Ne \u00e8 pertanto assolutamente vietata la riproduzione in ogni forma o modo senza l\u2019espressa e preventiva autorizzazione scritta di SOCCI, cos\u00ec come \u00e8 vietata la registrazione del marchio\u201cSOCCI\u201din qualunque top level domain.<\/p>\n<p>Nelle pagine del Sito potrebbero essere contenuti marchi, nomi a dominio, denominazioni sociali, ditte e insegne di titolarit\u00e0 di soggetti terzi, con cui SOCCI ha rapporti di collaborazione a vario titolo e genere, i quali godono della medesima tutela accordata ai segni distintivi di SOCCI dalle vigenti norme in materia di diritto d\u2019autore e di propriet\u00e0 intellettuale e industriale.<\/p>\n<p>SOCCI rende infine noto che \u00e8 assolutamente vietata l\u2019utilizzazione di tutti i segni distintivi in titolarit\u00e0 di SOCCI come metatags, ovvero ogni comando in linguaggio html che, pur non comportando la visualizzazione o la formattazione di un certo comando, forniscono in ogni caso istruzioni agli agenti elettronici o ai motori di ricerca per aumentare la reperibilit\u00e0 di un sito diverso da quelli riconducibili a SOCCI.<\/p>\n<h3>Contenuto del sito<\/h3>\n<p>Il Sito internet www.soccianchisemobili.com \u00e8 un portale d\u2019informazione on-line che consente di essere informati su SOCCI e sui suoi prodotti e servizi offerti dalla suddetta Societ\u00e0, proponendosi di fornire una panoramica sulle principali attivit\u00e0 di SOCCI, sui prodotti e servizi offerti.<\/p>\n<p>Tutti i contenuti del Sito (a titolo esemplificativo, ma non esaustivo, notizie, immagini, fotografie video, suoni, marchi, loghi, nomi a dominio, software applicativi, layout grafici, documentazione tecnica e manualistica, presentazioni, ecc.) e i diritti ad essi correlati sono riservati, pertanto possono essere consultati esclusivamente per finalit\u00e0 d\u2019informazione personale, essendo espressamente vietato ogni diverso utilizzo senza il preventivo consenso scritto di SOCCI.<\/p>\n<p>SOCCI, i suoi dirigenti, amministratori, soci e\/o dipendenti non forniscono alcuna garanzia sulla funzionalit\u00e0 del Sito, sulla accuratezza e completezza dei contenuti pubblicati sul Sito e SOCCI si riserva il diritto di modificare e aggiornare in qualsiasi momento dette informazioni, senza preavviso alcuno e a sua insindacabile discrezionalit\u00e0.<\/p>\n<p>In nessun caso SOCCI, i suoi dirigenti, amministratori, soci e\/o dipendenti potranno essere ritenuti responsabili, a qualsiasi titolo, causa o ragione, per la funzionalit\u00e0 del Sito ovvero per qualsivoglia danno derivante dall\u2019utilizzo o dall\u2019impossibilit\u00e0 di utilizzo del Sito e dei suoi contenuti, cos\u00ec come da omissioni, inesattezze o errori dei contenuti del Sito.<\/p>\n<p>I programmi di software connessi al Sito e lo stesso Sito potrebbero presentare dei malfunzionamenti e potrebbero contenere dei virus o altri elementi dannosi. L\u2019utente del Sito e dei suoi contenuti si assume pertanto la totale e incondizionata responsabilit\u00e0 per le eventuali perdite, danni e costi di qualsiasi natura ed entit\u00e0 che possano derivargli dall\u2019utilizzazione del Sito.<\/p>\n<h3>Modalit\u00e0 di utilizzo del Sito<\/h3>\n<p>Il contenuto del Sito non pu\u00f2 essere, in tutto o in parte, copiato, riprodotto, ripubblicato, caricato, trascritto, trasmesso o distribuito, in qualsiasi modo o forma, senza avere ottenuto la preventiva autorizzazione scritta di SOCCI. Inoltre, il contenuto del Sito non potr\u00e0 essere diffuso, in tutto o in parte, attraverso canali di comunicazione, quali la rete internet, i sistemi televisivi, radiofonici o di qualunque altra natura in mancanza di preventiva autorizzazione scritta di SOCCI.<\/p>\n<p>Le informazioni e i materiali contenuti nel Sito non potranno, inoltre, essere utilizzati per scopi commerciali al fine di costituire banche dati di ogni tipo e genere, n\u00e9 essere archiviati (in tutto o in parte) in banche dati preesistenti, sia accessibili esclusivamente da parte del costitutore sia messe a disposizione di terzi.<\/p>\n<h3>Linking e Framing<\/h3>\n<p>Senza la preventiva autorizzazione scritta di SOCCI, non \u00e8 in alcun modo consentito creare dei link di collegamento alla home page del Sito attualmente raggiungibile all\u2019indirizzo web www.<strong>soccianchisemobili.com<\/strong> n\u00e9 a qualunque altra pagina interna al Sito.<\/p>\n<p>Sono espressamente vietati i link specifici che permettono di rinviare l\u2019utente ad una pagina interna senza passare per la home page del Sito attualmente raggiungibile all\u2019indirizzo web www.<strong>soccianchisemobili.com<\/strong> (\u201cdeep linking\u201d), cos\u00ec come i link di inserimento automatico (\u201cinline linking\u201d) che consentono all\u2019utente di visualizzare automaticamente in uno spazio specifico immagini provenienti dal Sito.<\/p>\n<p>Sono inoltre vietati i link-riquadro (\u201cframing\u201d), che permettono di far apparire una pagina del sito in una specifica pagina di un altro sito facendo contestualmente s\u00ec che il contenuto di detta pagina anzich\u00e9 apparire in un\u2019autonoma finestra del browser di navigazione compaia all\u2019interno di una cornice a tale scopo strutturata.<\/p>\n<p>A questo proposito, si segnala che la violazione di quanto previsto nel presente articolo configura una condotta perseguibile anche sotto il profilo della concorrenza sleale, disciplinata dalle vigenti norme in materia.<\/p>\n<h3>Modifiche<\/h3>\n<p>Le presenti condizioni di utilizzo possono essere modificate da SOCCI in qualunque momento, senza che di questa circostanza venga dato preavviso agli utenti e fermo restando l\u2019onere di questi ultimi di visionarle periodicamente prima di accedere ai contenuti del Sito.<\/p>\n<h3>Legge applicabile e foro competente<\/h3>\n<p>Le presenti condizioni di utilizzo sono soggette alla normativa italiana e saranno interpretate ai sensi della medesima legge.<\/p>\n<p>Nei limiti di quanto sopra, il foro competente a conoscere di ogni controversia che dovesse insorgere in merito all\u2019utilizzo del presente Sito, con specifico riferimento alle presenti condizioni di utilizzo sar\u00e0, in via esclusiva, il Foro di Pisa.<\/p>\n<p>In virt\u00f9 dell\u2019applicazione della legge italiana, in caso di eventuale contrasto interpretativo tra la versione in lingua italiana e quella in lingua inglese delle presenti condizioni di utilizzo del Sito, prevarr\u00e0 la versione in lingua italiana.[\/vc_column_text][vc_empty_space][\/vc_column][\/vc_row]\n","protected":false},"excerpt":{"rendered":"<p>[vc_row][vc_column][vc_empty_space][vc_column_text css=&#8221;.vc_custom_1551094186771{margin-bottom: 0px !important;}&#8221;] Note Legali Dichiarazione preliminare Mobili Socci Anchise Snc (\u201cSOCCI\u201d) intende descrivere in questa pagina le modalit\u00e0 di gestione e le condizioni generali di utilizzo del proprio sito internet www.soccianchisemobili.com (il \u201cSito\u201d), cui deve attenersi chiunque intenda navigare sulle pagine dello stesso. L\u2019accesso al Sito e qualunque azione che comporti la navigazione [&hellip;]<\/p>\n","protected":false},"author":1,"featured_media":0,"parent":0,"menu_order":0,"comment_status":"closed","ping_status":"closed","template":"","meta":{"ngg_post_thumbnail":0},"yoast_head":"<!-- This site is optimized with the Yoast SEO plugin v19.10 - https:\/\/yoast.com\/wordpress\/plugins\/seo\/ -->\n<title>Note Legali - Socci Anchise Mobili<\/title>\n<meta name=\"robots\" content=\"index, follow, max-snippet:-1, max-image-preview:large, max-video-preview:-1\" \/>\n<link rel=\"canonical\" href=\"https:\/\/www.soccianchisemobili.com\/it\/note-legali\/\" \/>\n<meta property=\"og:locale\" content=\"it_IT\" \/>\n<meta property=\"og:type\" content=\"article\" \/>\n<meta property=\"og:title\" content=\"Note Legali - Socci Anchise Mobili\" \/>\n<meta property=\"og:description\" content=\"[vc_row][vc_column][vc_empty_space][vc_column_text css=&#8221;.vc_custom_1551094186771{margin-bottom: 0px !important;}&#8221;] Note Legali Dichiarazione preliminare Mobili Socci Anchise Snc (\u201cSOCCI\u201d) intende descrivere in questa pagina le modalit\u00e0 di gestione e le condizioni generali di utilizzo del proprio sito internet www.soccianchisemobili.com (il \u201cSito\u201d), cui deve attenersi chiunque intenda navigare sulle pagine dello stesso. L\u2019accesso al Sito e qualunque azione che comporti la navigazione [&hellip;]\" \/>\n<meta property=\"og:url\" content=\"https:\/\/www.soccianchisemobili.com\/it\/note-legali\/\" \/>\n<meta property=\"og:site_name\" content=\"Socci Anchise Mobili\" \/>\n<meta property=\"article:modified_time\" content=\"2019-02-25T11:31:55+00:00\" \/>\n<meta name=\"twitter:card\" content=\"summary_large_image\" \/>\n<meta name=\"twitter:label1\" content=\"Tempo di lettura stimato\" \/>\n\t<meta name=\"twitter:data1\" content=\"6 minuti\" \/>\n<script type=\"application\/ld+json\" class=\"yoast-schema-graph\">{\"@context\":\"https:\/\/schema.org\",\"@graph\":[{\"@type\":\"WebPage\",\"@id\":\"https:\/\/www.soccianchisemobili.com\/it\/note-legali\/\",\"url\":\"https:\/\/www.soccianchisemobili.com\/it\/note-legali\/\",\"name\":\"Note Legali - Socci Anchise Mobili\",\"isPartOf\":{\"@id\":\"https:\/\/www.soccianchisemobili.com\/it\/#website\"},\"datePublished\":\"2018-10-09T10:47:21+00:00\",\"dateModified\":\"2019-02-25T11:31:55+00:00\",\"breadcrumb\":{\"@id\":\"https:\/\/www.soccianchisemobili.com\/it\/note-legali\/#breadcrumb\"},\"inLanguage\":\"it-IT\",\"potentialAction\":[{\"@type\":\"ReadAction\",\"target\":[\"https:\/\/www.soccianchisemobili.com\/it\/note-legali\/\"]}]},{\"@type\":\"BreadcrumbList\",\"@id\":\"https:\/\/www.soccianchisemobili.com\/it\/note-legali\/#breadcrumb\",\"itemListElement\":[{\"@type\":\"ListItem\",\"position\":1,\"name\":\"Home\",\"item\":\"https:\/\/www.soccianchisemobili.com\/it\/\"},{\"@type\":\"ListItem\",\"position\":2,\"name\":\"Note Legali\"}]},{\"@type\":\"WebSite\",\"@id\":\"https:\/\/www.soccianchisemobili.com\/it\/#website\",\"url\":\"https:\/\/www.soccianchisemobili.com\/it\/\",\"name\":\"Socci Anchise Mobili\",\"description\":\"Italian Luxury Furniture\",\"publisher\":{\"@id\":\"https:\/\/www.soccianchisemobili.com\/it\/#organization\"},\"potentialAction\":[{\"@type\":\"SearchAction\",\"target\":{\"@type\":\"EntryPoint\",\"urlTemplate\":\"https:\/\/www.soccianchisemobili.com\/it\/?s={search_term_string}\"},\"query-input\":\"required name=search_term_string\"}],\"inLanguage\":\"it-IT\"},{\"@type\":\"Organization\",\"@id\":\"https:\/\/www.soccianchisemobili.com\/it\/#organization\",\"name\":\"Socci Anchise Mobili\",\"url\":\"https:\/\/www.soccianchisemobili.com\/it\/\",\"logo\":{\"@type\":\"ImageObject\",\"inLanguage\":\"it-IT\",\"@id\":\"https:\/\/www.soccianchisemobili.com\/it\/#\/schema\/logo\/image\/\",\"url\":\"https:\/\/www.soccianchisemobili.com\/wp-content\/uploads\/2018\/07\/logosocci_small-1.png\",\"contentUrl\":\"https:\/\/www.soccianchisemobili.com\/wp-content\/uploads\/2018\/07\/logosocci_small-1.png\",\"width\":100,\"height\":110,\"caption\":\"Socci Anchise Mobili\"},\"image\":{\"@id\":\"https:\/\/www.soccianchisemobili.com\/it\/#\/schema\/logo\/image\/\"}}]}<\/script>\n<!-- \/ Yoast SEO plugin. -->","yoast_head_json":{"title":"Note Legali - Socci Anchise Mobili","robots":{"index":"index","follow":"follow","max-snippet":"max-snippet:-1","max-image-preview":"max-image-preview:large","max-video-preview":"max-video-preview:-1"},"canonical":"https:\/\/www.soccianchisemobili.com\/it\/note-legali\/","og_locale":"it_IT","og_type":"article","og_title":"Note Legali - Socci Anchise Mobili","og_description":"[vc_row][vc_column][vc_empty_space][vc_column_text css=&#8221;.vc_custom_1551094186771{margin-bottom: 0px !important;}&#8221;] Note Legali Dichiarazione preliminare Mobili Socci Anchise Snc (\u201cSOCCI\u201d) intende descrivere in questa pagina le modalit\u00e0 di gestione e le condizioni generali di utilizzo del proprio sito internet www.soccianchisemobili.com (il \u201cSito\u201d), cui deve attenersi chiunque intenda navigare sulle pagine dello stesso. L\u2019accesso al Sito e qualunque azione che comporti la navigazione [&hellip;]","og_url":"https:\/\/www.soccianchisemobili.com\/it\/note-legali\/","og_site_name":"Socci Anchise Mobili","article_modified_time":"2019-02-25T11:31:55+00:00","twitter_card":"summary_large_image","twitter_misc":{"Tempo di lettura stimato":"6 minuti"},"schema":{"@context":"https:\/\/schema.org","@graph":[{"@type":"WebPage","@id":"https:\/\/www.soccianchisemobili.com\/it\/note-legali\/","url":"https:\/\/www.soccianchisemobili.com\/it\/note-legali\/","name":"Note Legali - Socci Anchise Mobili","isPartOf":{"@id":"https:\/\/www.soccianchisemobili.com\/it\/#website"},"datePublished":"2018-10-09T10:47:21+00:00","dateModified":"2019-02-25T11:31:55+00:00","breadcrumb":{"@id":"https:\/\/www.soccianchisemobili.com\/it\/note-legali\/#breadcrumb"},"inLanguage":"it-IT","potentialAction":[{"@type":"ReadAction","target":["https:\/\/www.soccianchisemobili.com\/it\/note-legali\/"]}]},{"@type":"BreadcrumbList","@id":"https:\/\/www.soccianchisemobili.com\/it\/note-legali\/#breadcrumb","itemListElement":[{"@type":"ListItem","position":1,"name":"Home","item":"https:\/\/www.soccianchisemobili.com\/it\/"},{"@type":"ListItem","position":2,"name":"Note Legali"}]},{"@type":"WebSite","@id":"https:\/\/www.soccianchisemobili.com\/it\/#website","url":"https:\/\/www.soccianchisemobili.com\/it\/","name":"Socci Anchise Mobili","description":"Italian Luxury Furniture","publisher":{"@id":"https:\/\/www.soccianchisemobili.com\/it\/#organization"},"potentialAction":[{"@type":"SearchAction","target":{"@type":"EntryPoint","urlTemplate":"https:\/\/www.soccianchisemobili.com\/it\/?s={search_term_string}"},"query-input":"required name=search_term_string"}],"inLanguage":"it-IT"},{"@type":"Organization","@id":"https:\/\/www.soccianchisemobili.com\/it\/#organization","name":"Socci Anchise Mobili","url":"https:\/\/www.soccianchisemobili.com\/it\/","logo":{"@type":"ImageObject","inLanguage":"it-IT","@id":"https:\/\/www.soccianchisemobili.com\/it\/#\/schema\/logo\/image\/","url":"https:\/\/www.soccianchisemobili.com\/wp-content\/uploads\/2018\/07\/logosocci_small-1.png","contentUrl":"https:\/\/www.soccianchisemobili.com\/wp-content\/uploads\/2018\/07\/logosocci_small-1.png","width":100,"height":110,"caption":"Socci Anchise Mobili"},"image":{"@id":"https:\/\/www.soccianchisemobili.com\/it\/#\/schema\/logo\/image\/"}}]}},"_links":{"self":[{"href":"https:\/\/www.soccianchisemobili.com\/it\/wp-json\/wp\/v2\/pages\/4307"}],"collection":[{"href":"https:\/\/www.soccianchisemobili.com\/it\/wp-json\/wp\/v2\/pages"}],"about":[{"href":"https:\/\/www.soccianchisemobili.com\/it\/wp-json\/wp\/v2\/types\/page"}],"author":[{"embeddable":true,"href":"https:\/\/www.soccianchisemobili.com\/it\/wp-json\/wp\/v2\/users\/1"}],"replies":[{"embeddable":true,"href":"https:\/\/www.soccianchisemobili.com\/it\/wp-json\/wp\/v2\/comments?post=4307"}],"version-history":[{"count":4,"href":"https:\/\/www.soccianchisemobili.com\/it\/wp-json\/wp\/v2\/pages\/4307\/revisions"}],"predecessor-version":[{"id":4492,"href":"https:\/\/www.soccianchisemobili.com\/it\/wp-json\/wp\/v2\/pages\/4307\/revisions\/4492"}],"wp:attachment":[{"href":"https:\/\/www.soccianchisemobili.com\/it\/wp-json\/wp\/v2\/media?parent=4307"}],"curies":[{"name":"wp","href":"https:\/\/api.w.org\/{rel}","templated":true}]}}