{"id":4259,"date":"2018-12-10T16:37:44","date_gmt":"2018-12-10T15:37:44","guid":{"rendered":"https:\/\/www.soccianchisemobili.com\/kitchens\/"},"modified":"2022-03-24T15:03:24","modified_gmt":"2022-03-24T14:03:24","slug":"cucine","status":"publish","type":"page","link":"https:\/\/www.soccianchisemobili.com\/it\/cucine\/","title":{"rendered":"Cucine"},"content":{"rendered":"[vc_row fullwidth=&#8221;true&#8221; css=&#8221;.vc_custom_1544454392867{padding-top: 550px !important;padding-bottom: 150px !important;background-image: url(https:\/\/www.soccianchisemobili.com\/wp-content\/uploads\/2018\/12\/highlight_02_03-04-17_10122.jpg?id=2319) !important;background-position: center !important;background-repeat: no-repeat !important;background-size: cover !important;}&#8221;][vc_column][vc_column_text visibility=&#8221;hidden-nb&#8221; css=&#8221;.vc_custom_1552042292649{margin-bottom: 0px !important;}&#8221;]\n<p style=\"text-align: center; color: #fff; font-size: 80px; letter-spacing: 0.6em;\">CUCINE<\/p>\n[\/vc_column_text][vc_column_text visibility=&#8221;visible-nb&#8221; css=&#8221;.vc_custom_1552042321190{margin-bottom: 0px !important;}&#8221;]\n<p style=\"text-align: center; color: #fff; font-size: 2.6em;\">CUCINE<\/p>\n[\/vc_column_text][\/vc_column][\/vc_row][vc_row][vc_column css=&#8221;.vc_custom_1552042336737{padding-top: 100px !important;padding-bottom: 100px !important;}&#8221;][vc_column_text css=&#8221;.vc_custom_1648130376288{margin-bottom: 0px !important;}&#8221;]\n<h2 style=\"text-align: center;\">CUCINE<\/h2>\n<p style=\"text-align: center; font-size: 30px;\">Visioni di Gusto<\/p>\n[\/vc_column_text][vc_column_text visibility=&#8221;hidden-nb&#8221; css=&#8221;.vc_custom_1648130584587{margin-right: 100px !important;margin-bottom: 0px !important;margin-left: 100px !important;}&#8221;]\n<p style=\"text-align: justify;\">La cucina \u00e8 la fucina pi\u00f9 creativa dell&#8217;attivit\u00e0 umana perch\u00e9 offre infiniti modi per compiacere i sensi.<br \/>\nSocci trasmette questa straordinaria creativit\u00e0 nei suoi modelli di cucina ispirati a splendidi stili classici e realizzati esclusivamente per soddisfare le esigenze uniche dei propri clienti.<br \/>\nSpazio e dimensioni non conoscono restrizioni con una cucina Socci. Con il suo effetto magistrale di stili senza tempo offre funzionalit\u00e0 totale e materiali lussuosi che sorprendono e incantano con il loro fascino raffinato.<br \/>\nTecnologia ed ergonomia, essenziali per l&#8217;arte culinaria moderna, sono esaltate dall&#8217;<a href=\"\/?page_id=4011\">artigianato toscano di alta qualit\u00e0<\/a>, grazie a 60 anni di perfezione tecnica e artistica nella produzione di mobili classici di lusso. Dal Haute Design alla Haute Cuisine.<\/p>\n[\/vc_column_text][vc_column_text visibility=&#8221;visible-nb&#8221; css=&#8221;.vc_custom_1648130598269{margin-right: 20px !important;margin-bottom: 0px !important;margin-left: 20px !important;}&#8221;]\n<p style=\"text-align: justify;\">La cucina \u00e8 la fucina pi\u00f9 creativa dell&#8217;attivit\u00e0 umana perch\u00e9 offre infiniti modi per compiacere i sensi.<br \/>\nSocci trasmette questa straordinaria creativit\u00e0 nei suoi modelli di cucina ispirati a splendidi stili classici e realizzati esclusivamente per soddisfare le esigenze uniche dei propri clienti.<br \/>\nSpazio e dimensioni non conoscono restrizioni con una cucina Socci. Con il suo effetto magistrale di stili senza tempo offre funzionalit\u00e0 totale e materiali lussuosi che sorprendono e incantano con il loro fascino raffinato.<br \/>\nTecnologia ed ergonomia, essenziali per l&#8217;arte culinaria moderna, sono esaltate dall&#8217;<a href=\"\/?page_id=4011\">artigianato toscano di alta qualit\u00e0<\/a>, grazie a 60 anni di perfezione tecnica e artistica nella produzione di mobili classici di lusso. Dal Haute Design alla Haute Cuisine.<\/p>\n[\/vc_column_text][vc_column_text css=&#8221;.vc_custom_1550244632934{margin-bottom: 0px !important;}&#8221;]\n<p style=\"text-align: center;\"><a class=\"vc_general vc_btn3 vc_btn3-size-md vc_btn3-shape-square vc_btn3-style-classic vc_btn3-color-black\" href=\"\/?page_id=5096\">CATALOGO<\/a> <a class=\"vc_general vc_btn3 vc_btn3-size-md vc_btn3-shape-square vc_btn3-style-classic vc_btn3-color-black\" href=\"\/?page_id=3860\">TROVA UN RIVENDITORE<\/a> \n[\/vc_column_text][vc_column_text css=&#8221;.vc_custom_1549991799681{margin-bottom: 0px !important;}&#8221;]\n<p style=\"text-align: center;\"> \n[\/vc_column_text][\/vc_column][\/vc_row][vc_row fullwidth=&#8221;true&#8221; parallax=&#8221;content-moving&#8221; parallax_image=&#8221;2326&#8243; css=&#8221;.vc_custom_1547133706069{margin-bottom: 30px !important;padding-top: 180px !important;padding-bottom: 180px !important;}&#8221;][vc_column][vc_column_text css=&#8221;.vc_custom_1648130078858{margin-bottom: 0px !important;}&#8221;]\n<h2 class=\"x_MsoNormal\" style=\"text-align: center; font-size: 24px;\"><strong>DESIGN D&#8217;ECCELLENZA IN CUCINA<\/strong><\/h2>\n<p class=\"x_MsoNormal\" style=\"text-align: center; font-size: 18px;\"><em>&#8220;Abbastanza buono&#8221;<\/em> non \u00e8 buono abbastanza per raggiungere gli standard pi\u00f9 elevati.<\/p>\n[\/vc_column_text][\/vc_column][\/vc_row][vc_row fullwidth=&#8221;true&#8221; equal_columns=&#8221;true&#8221; attached=&#8221;true&#8221;][vc_column width=&#8221;1\/2&#8243;][vc_column_text align=&#8221;right&#8221; css=&#8221;.vc_custom_1547731589752{margin-bottom: 0px !important;}&#8221;]\n\t<div class='ngg-imagebrowser default-view' id='ngg-imagebrowser-039939e84f73c186d165509c7d1f9f2c-4259' data-nextgen-gallery-id=\"039939e84f73c186d165509c7d1f9f2c\">\n\n    <h3>versailles<\/h3>\n\n\t\t<div id=\"ngg-image-0\" class=\"pic\" >\n        <a href='https:\/\/www.soccianchisemobili.com\/wp-content\/gallery\/kitchens-versailles\/versailles.jpg'\n           title=' '\n           data-src=\"https:\/\/www.soccianchisemobili.com\/wp-content\/gallery\/kitchens-versailles\/versailles.jpg\"\n           data-thumbnail=\"https:\/\/www.soccianchisemobili.com\/wp-content\/gallery\/kitchens-versailles\/thumbs\/thumbs_versailles.jpg\"\n           data-image-id=\"702\"\n           data-title=\"versailles\"\n           data-description=\" \"\n           class='nextgen_pro_lightbox' data-nplmodal-gallery-id='039939e84f73c186d165509c7d1f9f2c' data-ngg-protect=\"1\">\n            <img title='versailles'\n                 alt='versailles'\n                 src='https:\/\/www.soccianchisemobili.com\/wp-content\/gallery\/kitchens-versailles\/versailles.jpg'\/>\n        <\/a>\n\t  <\/div> \n\n    <div class='ngg-imagebrowser-nav'>\n\n        <div class='back'>\n            <a class='ngg-browser-prev'\n               id='ngg-prev-489'\n               href='https:\/\/www.soccianchisemobili.com\/it\/cucine\/nggallery\/image\/05_03-04-17_10048\/'>\n                <i class=\"fa fa-chevron-left\" aria-hidden=\"true\"><\/i>\n            <\/a>\n        <\/div>\n\n        <div class='next'>\n            <a class='ngg-browser-next'\n               id='ngg-next-485'\n               href='https:\/\/www.soccianchisemobili.com\/it\/cucine\/nggallery\/image\/01_03-04-17_10011\/'>\n                <i class=\"fa fa-chevron-right\" aria-hidden=\"true\"><\/i>\n            <\/a>\n        <\/div>\n\n        <div class='counter'>\n            Immagine 1 di 6        <\/div>\n\n        <div class='ngg-imagebrowser-desc'>\n            <p>\n                             <\/p>\n        <\/div>\n\n    <\/div>\n\n<\/div>\n<script type='text\/javascript'>\n\tjQuery(function($) {\n\t\tnew NggPaginatedGallery('039939e84f73c186d165509c7d1f9f2c', '.ngg-imagebrowser');\n\t});\n<\/script>[\/vc_column_text][vc_empty_space height=&#8221;30px&#8221;][\/vc_column][vc_column width=&#8221;1\/2&#8243;][vc_column_text css=&#8221;.vc_custom_1547568026944{margin-bottom: 0px !important;}&#8221;]\n\t<div class='ngg-imagebrowser default-view' id='ngg-imagebrowser-981ff461c43f96fe33b401f118efbbd0-4259' data-nextgen-gallery-id=\"981ff461c43f96fe33b401f118efbbd0\">\n\n    <h3>Chablis<\/h3>\n\n\t\t<div id=\"ngg-image-0\" class=\"pic\" >\n        <a href='https:\/\/www.soccianchisemobili.com\/wp-content\/gallery\/kitchens-chablis\/Chablis.jpg'\n           title=' '\n           data-src=\"https:\/\/www.soccianchisemobili.com\/wp-content\/gallery\/kitchens-chablis\/Chablis.jpg\"\n           data-thumbnail=\"https:\/\/www.soccianchisemobili.com\/wp-content\/gallery\/kitchens-chablis\/thumbs\/thumbs_Chablis.jpg\"\n           data-image-id=\"703\"\n           data-title=\"Chablis\"\n           data-description=\" \"\n           class='nextgen_pro_lightbox' data-nplmodal-gallery-id='981ff461c43f96fe33b401f118efbbd0' data-ngg-protect=\"1\">\n            <img title='Chablis'\n                 alt='Chablis'\n                 src='https:\/\/www.soccianchisemobili.com\/wp-content\/gallery\/kitchens-chablis\/Chablis.jpg'\/>\n        <\/a>\n\t  <\/div> \n\n    <div class='ngg-imagebrowser-nav'>\n\n        <div class='back'>\n            <a class='ngg-browser-prev'\n               id='ngg-prev-701'\n               href='https:\/\/www.soccianchisemobili.com\/it\/cucine\/nggallery\/image\/09_034\/'>\n                <i class=\"fa fa-chevron-left\" aria-hidden=\"true\"><\/i>\n            <\/a>\n        <\/div>\n\n        <div class='next'>\n            <a class='ngg-browser-next'\n               id='ngg-next-693'\n               href='https:\/\/www.soccianchisemobili.com\/it\/cucine\/nggallery\/image\/01_ch-700-2\/'>\n                <i class=\"fa fa-chevron-right\" aria-hidden=\"true\"><\/i>\n            <\/a>\n        <\/div>\n\n        <div class='counter'>\n            Immagine 1 di 10        <\/div>\n\n        <div class='ngg-imagebrowser-desc'>\n            <p>\n                             <\/p>\n        <\/div>\n\n    <\/div>\n\n<\/div>\n<script type='text\/javascript'>\n\tjQuery(function($) {\n\t\tnew NggPaginatedGallery('981ff461c43f96fe33b401f118efbbd0', '.ngg-imagebrowser');\n\t});\n<\/script>[\/vc_column_text][vc_empty_space height=&#8221;30px&#8221;][\/vc_column][\/vc_row][vc_row fullwidth=&#8221;true&#8221; equal_columns=&#8221;true&#8221; attached=&#8221;true&#8221;][vc_column width=&#8221;1\/2&#8243;][vc_column_text css=&#8221;.vc_custom_1547732200671{margin-bottom: 0px !important;}&#8221;]\n\t<div class='ngg-imagebrowser default-view' id='ngg-imagebrowser-8efc5f15bd495aa56b862d32bf13e28f-4259' data-nextgen-gallery-id=\"8efc5f15bd495aa56b862d32bf13e28f\">\n\n    <h3>HIGHLIGHT_Immagini-103<\/h3>\n\n\t\t<div id=\"ngg-image-0\" class=\"pic\" >\n        <a href='https:\/\/www.soccianchisemobili.com\/wp-content\/gallery\/kitchens-esploit\/HIGHLIGHT_Immagini-103.jpg'\n           title=' '\n           data-src=\"https:\/\/www.soccianchisemobili.com\/wp-content\/gallery\/kitchens-esploit\/HIGHLIGHT_Immagini-103.jpg\"\n           data-thumbnail=\"https:\/\/www.soccianchisemobili.com\/wp-content\/gallery\/kitchens-esploit\/thumbs\/thumbs_HIGHLIGHT_Immagini-103.jpg\"\n           data-image-id=\"704\"\n           data-title=\"HIGHLIGHT_Immagini-103\"\n           data-description=\" \"\n           class='nextgen_pro_lightbox' data-nplmodal-gallery-id='8efc5f15bd495aa56b862d32bf13e28f' data-ngg-protect=\"1\">\n            <img title='HIGHLIGHT_Immagini-103'\n                 alt='HIGHLIGHT_Immagini-103'\n                 src='https:\/\/www.soccianchisemobili.com\/wp-content\/gallery\/kitchens-esploit\/HIGHLIGHT_Immagini-103.jpg'\/>\n        <\/a>\n\t  <\/div> \n\n    <div class='ngg-imagebrowser-nav'>\n\n        <div class='back'>\n            <a class='ngg-browser-prev'\n               id='ngg-prev-510'\n               href='https:\/\/www.soccianchisemobili.com\/it\/cucine\/nggallery\/image\/05_immagini-091\/'>\n                <i class=\"fa fa-chevron-left\" aria-hidden=\"true\"><\/i>\n            <\/a>\n        <\/div>\n\n        <div class='next'>\n            <a class='ngg-browser-next'\n               id='ngg-next-506'\n               href='https:\/\/www.soccianchisemobili.com\/it\/cucine\/nggallery\/image\/01_immagini-103\/'>\n                <i class=\"fa fa-chevron-right\" aria-hidden=\"true\"><\/i>\n            <\/a>\n        <\/div>\n\n        <div class='counter'>\n            Immagine 1 di 6        <\/div>\n\n        <div class='ngg-imagebrowser-desc'>\n            <p>\n                             <\/p>\n        <\/div>\n\n    <\/div>\n\n<\/div>\n<script type='text\/javascript'>\n\tjQuery(function($) {\n\t\tnew NggPaginatedGallery('8efc5f15bd495aa56b862d32bf13e28f', '.ngg-imagebrowser');\n\t});\n<\/script>[\/vc_column_text][vc_empty_space height=&#8221;100px&#8221;][\/vc_column][vc_column width=&#8221;1\/2&#8243;][vc_column_text css=&#8221;.vc_custom_1547732214762{margin-bottom: 0px !important;}&#8221;]\n\t<div class='ngg-imagebrowser default-view' id='ngg-imagebrowser-4682a70c4e1a5e20d89f8f4f18729a02-4259' data-nextgen-gallery-id=\"4682a70c4e1a5e20d89f8f4f18729a02\">\n\n    <h3>medoc<\/h3>\n\n\t\t<div id=\"ngg-image-0\" class=\"pic\" >\n        <a href='https:\/\/www.soccianchisemobili.com\/wp-content\/gallery\/kitchens-medoc\/medoc.jpg'\n           title=' '\n           data-src=\"https:\/\/www.soccianchisemobili.com\/wp-content\/gallery\/kitchens-medoc\/medoc.jpg\"\n           data-thumbnail=\"https:\/\/www.soccianchisemobili.com\/wp-content\/gallery\/kitchens-medoc\/thumbs\/thumbs_medoc.jpg\"\n           data-image-id=\"705\"\n           data-title=\"medoc\"\n           data-description=\" \"\n           class='nextgen_pro_lightbox' data-nplmodal-gallery-id='4682a70c4e1a5e20d89f8f4f18729a02' data-ngg-protect=\"1\">\n            <img title='medoc'\n                 alt='medoc'\n                 src='https:\/\/www.soccianchisemobili.com\/wp-content\/gallery\/kitchens-medoc\/medoc.jpg'\/>\n        <\/a>\n\t  <\/div> \n\n    <div class='ngg-imagebrowser-nav'>\n\n        <div class='back'>\n            <a class='ngg-browser-prev'\n               id='ngg-prev-523'\n               href='https:\/\/www.soccianchisemobili.com\/it\/cucine\/nggallery\/image\/09_dots-double-buste-094\/'>\n                <i class=\"fa fa-chevron-left\" aria-hidden=\"true\"><\/i>\n            <\/a>\n        <\/div>\n\n        <div class='next'>\n            <a class='ngg-browser-next'\n               id='ngg-next-515'\n               href='https:\/\/www.soccianchisemobili.com\/it\/cucine\/nggallery\/image\/01_dots-double-buste-009\/'>\n                <i class=\"fa fa-chevron-right\" aria-hidden=\"true\"><\/i>\n            <\/a>\n        <\/div>\n\n        <div class='counter'>\n            Immagine 1 di 10        <\/div>\n\n        <div class='ngg-imagebrowser-desc'>\n            <p>\n                             <\/p>\n        <\/div>\n\n    <\/div>\n\n<\/div>\n<script type='text\/javascript'>\n\tjQuery(function($) {\n\t\tnew NggPaginatedGallery('4682a70c4e1a5e20d89f8f4f18729a02', '.ngg-imagebrowser');\n\t});\n<\/script>[\/vc_column_text][vc_empty_space height=&#8221;100px&#8221;][\/vc_column][\/vc_row]\n","protected":false},"excerpt":{"rendered":"<p>[vc_row fullwidth=&#8221;true&#8221; css=&#8221;.vc_custom_1544454392867{padding-top: 550px !important;padding-bottom: 150px !important;background-image: url(https:\/\/www.soccianchisemobili.com\/wp-content\/uploads\/2018\/12\/highlight_02_03-04-17_10122.jpg?id=2319) !important;background-position: center !important;background-repeat: no-repeat !important;background-size: cover !important;}&#8221;][vc_column][vc_column_text visibility=&#8221;hidden-nb&#8221; css=&#8221;.vc_custom_1552042292649{margin-bottom: 0px !important;}&#8221;] CUCINE [\/vc_column_text][vc_column_text visibility=&#8221;visible-nb&#8221; css=&#8221;.vc_custom_1552042321190{margin-bottom: 0px !important;}&#8221;] CUCINE [\/vc_column_text][\/vc_column][\/vc_row][vc_row][vc_column css=&#8221;.vc_custom_1552042336737{padding-top: 100px !important;padding-bottom: 100px !important;}&#8221;][vc_column_text css=&#8221;.vc_custom_1648130376288{margin-bottom: 0px !important;}&#8221;] CUCINE Visioni di Gusto [\/vc_column_text][vc_column_text visibility=&#8221;hidden-nb&#8221; css=&#8221;.vc_custom_1648130584587{margin-right: 100px !important;margin-bottom: 0px !important;margin-left: 100px !important;}&#8221;] La cucina \u00e8 la fucina pi\u00f9 creativa [&hellip;]<\/p>\n","protected":false},"author":1,"featured_media":3804,"parent":0,"menu_order":0,"comment_status":"closed","ping_status":"closed","template":"","meta":{"ngg_post_thumbnail":0},"yoast_head":"<!-- This site is optimized with the Yoast SEO plugin v19.10 - https:\/\/yoast.com\/wordpress\/plugins\/seo\/ -->\n<title>Cucine - Socci Anchise Mobili<\/title>\n<meta name=\"description\" content=\"Socci progetta e realizza cucine su misura e con finiture personalizzate in stile classico, Barocco e Impero. Scopri le nostre soluzioni.\" \/>\n<meta name=\"robots\" content=\"index, follow, max-snippet:-1, max-image-preview:large, max-video-preview:-1\" \/>\n<link rel=\"canonical\" href=\"https:\/\/www.soccianchisemobili.com\/it\/cucine\/\" \/>\n<meta property=\"og:locale\" content=\"it_IT\" \/>\n<meta property=\"og:type\" content=\"article\" \/>\n<meta property=\"og:title\" content=\"Cucine - Socci Anchise Mobili\" \/>\n<meta property=\"og:description\" content=\"Socci progetta e realizza cucine su misura e con finiture personalizzate in stile classico, Barocco e Impero. Scopri le nostre soluzioni.\" \/>\n<meta property=\"og:url\" content=\"https:\/\/www.soccianchisemobili.com\/it\/cucine\/\" \/>\n<meta property=\"og:site_name\" content=\"Socci Anchise Mobili\" \/>\n<meta property=\"article:modified_time\" content=\"2022-03-24T14:03:24+00:00\" \/>\n<meta property=\"og:image\" content=\"https:\/\/www.soccianchisemobili.com\/wp-content\/uploads\/2019\/01\/hp_slider3_kitchen-1.jpg\" \/>\n\t<meta property=\"og:image:width\" content=\"1399\" \/>\n\t<meta property=\"og:image:height\" content=\"1080\" \/>\n\t<meta property=\"og:image:type\" content=\"image\/jpeg\" \/>\n<meta name=\"twitter:card\" content=\"summary_large_image\" \/>\n<meta name=\"twitter:label1\" content=\"Tempo di lettura stimato\" \/>\n\t<meta name=\"twitter:data1\" content=\"2 minuti\" \/>\n<script type=\"application\/ld+json\" class=\"yoast-schema-graph\">{\"@context\":\"https:\/\/schema.org\",\"@graph\":[{\"@type\":\"WebPage\",\"@id\":\"https:\/\/www.soccianchisemobili.com\/it\/cucine\/\",\"url\":\"https:\/\/www.soccianchisemobili.com\/it\/cucine\/\",\"name\":\"Cucine - Socci Anchise Mobili\",\"isPartOf\":{\"@id\":\"https:\/\/www.soccianchisemobili.com\/it\/#website\"},\"datePublished\":\"2018-12-10T15:37:44+00:00\",\"dateModified\":\"2022-03-24T14:03:24+00:00\",\"description\":\"Socci progetta e realizza cucine su misura e con finiture personalizzate in stile classico, Barocco e Impero. Scopri le nostre soluzioni.\",\"breadcrumb\":{\"@id\":\"https:\/\/www.soccianchisemobili.com\/it\/cucine\/#breadcrumb\"},\"inLanguage\":\"it-IT\",\"potentialAction\":[{\"@type\":\"ReadAction\",\"target\":[\"https:\/\/www.soccianchisemobili.com\/it\/cucine\/\"]}]},{\"@type\":\"BreadcrumbList\",\"@id\":\"https:\/\/www.soccianchisemobili.com\/it\/cucine\/#breadcrumb\",\"itemListElement\":[{\"@type\":\"ListItem\",\"position\":1,\"name\":\"Home\",\"item\":\"https:\/\/www.soccianchisemobili.com\/it\/\"},{\"@type\":\"ListItem\",\"position\":2,\"name\":\"Cucine\"}]},{\"@type\":\"WebSite\",\"@id\":\"https:\/\/www.soccianchisemobili.com\/it\/#website\",\"url\":\"https:\/\/www.soccianchisemobili.com\/it\/\",\"name\":\"Socci Anchise Mobili\",\"description\":\"Italian Luxury Furniture\",\"publisher\":{\"@id\":\"https:\/\/www.soccianchisemobili.com\/it\/#organization\"},\"potentialAction\":[{\"@type\":\"SearchAction\",\"target\":{\"@type\":\"EntryPoint\",\"urlTemplate\":\"https:\/\/www.soccianchisemobili.com\/it\/?s={search_term_string}\"},\"query-input\":\"required name=search_term_string\"}],\"inLanguage\":\"it-IT\"},{\"@type\":\"Organization\",\"@id\":\"https:\/\/www.soccianchisemobili.com\/it\/#organization\",\"name\":\"Socci Anchise Mobili\",\"url\":\"https:\/\/www.soccianchisemobili.com\/it\/\",\"logo\":{\"@type\":\"ImageObject\",\"inLanguage\":\"it-IT\",\"@id\":\"https:\/\/www.soccianchisemobili.com\/it\/#\/schema\/logo\/image\/\",\"url\":\"https:\/\/www.soccianchisemobili.com\/wp-content\/uploads\/2018\/07\/logosocci_small-1.png\",\"contentUrl\":\"https:\/\/www.soccianchisemobili.com\/wp-content\/uploads\/2018\/07\/logosocci_small-1.png\",\"width\":100,\"height\":110,\"caption\":\"Socci Anchise Mobili\"},\"image\":{\"@id\":\"https:\/\/www.soccianchisemobili.com\/it\/#\/schema\/logo\/image\/\"}}]}<\/script>\n<!-- \/ Yoast SEO plugin. -->","yoast_head_json":{"title":"Cucine - Socci Anchise Mobili","description":"Socci progetta e realizza cucine su misura e con finiture personalizzate in stile classico, Barocco e Impero. Scopri le nostre soluzioni.","robots":{"index":"index","follow":"follow","max-snippet":"max-snippet:-1","max-image-preview":"max-image-preview:large","max-video-preview":"max-video-preview:-1"},"canonical":"https:\/\/www.soccianchisemobili.com\/it\/cucine\/","og_locale":"it_IT","og_type":"article","og_title":"Cucine - Socci Anchise Mobili","og_description":"Socci progetta e realizza cucine su misura e con finiture personalizzate in stile classico, Barocco e Impero. Scopri le nostre soluzioni.","og_url":"https:\/\/www.soccianchisemobili.com\/it\/cucine\/","og_site_name":"Socci Anchise Mobili","article_modified_time":"2022-03-24T14:03:24+00:00","og_image":[{"width":1399,"height":1080,"url":"https:\/\/www.soccianchisemobili.com\/wp-content\/uploads\/2019\/01\/hp_slider3_kitchen-1.jpg","type":"image\/jpeg"}],"twitter_card":"summary_large_image","twitter_misc":{"Tempo di lettura stimato":"2 minuti"},"schema":{"@context":"https:\/\/schema.org","@graph":[{"@type":"WebPage","@id":"https:\/\/www.soccianchisemobili.com\/it\/cucine\/","url":"https:\/\/www.soccianchisemobili.com\/it\/cucine\/","name":"Cucine - Socci Anchise Mobili","isPartOf":{"@id":"https:\/\/www.soccianchisemobili.com\/it\/#website"},"datePublished":"2018-12-10T15:37:44+00:00","dateModified":"2022-03-24T14:03:24+00:00","description":"Socci progetta e realizza cucine su misura e con finiture personalizzate in stile classico, Barocco e Impero. Scopri le nostre soluzioni.","breadcrumb":{"@id":"https:\/\/www.soccianchisemobili.com\/it\/cucine\/#breadcrumb"},"inLanguage":"it-IT","potentialAction":[{"@type":"ReadAction","target":["https:\/\/www.soccianchisemobili.com\/it\/cucine\/"]}]},{"@type":"BreadcrumbList","@id":"https:\/\/www.soccianchisemobili.com\/it\/cucine\/#breadcrumb","itemListElement":[{"@type":"ListItem","position":1,"name":"Home","item":"https:\/\/www.soccianchisemobili.com\/it\/"},{"@type":"ListItem","position":2,"name":"Cucine"}]},{"@type":"WebSite","@id":"https:\/\/www.soccianchisemobili.com\/it\/#website","url":"https:\/\/www.soccianchisemobili.com\/it\/","name":"Socci Anchise Mobili","description":"Italian Luxury Furniture","publisher":{"@id":"https:\/\/www.soccianchisemobili.com\/it\/#organization"},"potentialAction":[{"@type":"SearchAction","target":{"@type":"EntryPoint","urlTemplate":"https:\/\/www.soccianchisemobili.com\/it\/?s={search_term_string}"},"query-input":"required name=search_term_string"}],"inLanguage":"it-IT"},{"@type":"Organization","@id":"https:\/\/www.soccianchisemobili.com\/it\/#organization","name":"Socci Anchise Mobili","url":"https:\/\/www.soccianchisemobili.com\/it\/","logo":{"@type":"ImageObject","inLanguage":"it-IT","@id":"https:\/\/www.soccianchisemobili.com\/it\/#\/schema\/logo\/image\/","url":"https:\/\/www.soccianchisemobili.com\/wp-content\/uploads\/2018\/07\/logosocci_small-1.png","contentUrl":"https:\/\/www.soccianchisemobili.com\/wp-content\/uploads\/2018\/07\/logosocci_small-1.png","width":100,"height":110,"caption":"Socci Anchise Mobili"},"image":{"@id":"https:\/\/www.soccianchisemobili.com\/it\/#\/schema\/logo\/image\/"}}]}},"_links":{"self":[{"href":"https:\/\/www.soccianchisemobili.com\/it\/wp-json\/wp\/v2\/pages\/4259"}],"collection":[{"href":"https:\/\/www.soccianchisemobili.com\/it\/wp-json\/wp\/v2\/pages"}],"about":[{"href":"https:\/\/www.soccianchisemobili.com\/it\/wp-json\/wp\/v2\/types\/page"}],"author":[{"embeddable":true,"href":"https:\/\/www.soccianchisemobili.com\/it\/wp-json\/wp\/v2\/users\/1"}],"replies":[{"embeddable":true,"href":"https:\/\/www.soccianchisemobili.com\/it\/wp-json\/wp\/v2\/comments?post=4259"}],"version-history":[{"count":10,"href":"https:\/\/www.soccianchisemobili.com\/it\/wp-json\/wp\/v2\/pages\/4259\/revisions"}],"predecessor-version":[{"id":5823,"href":"https:\/\/www.soccianchisemobili.com\/it\/wp-json\/wp\/v2\/pages\/4259\/revisions\/5823"}],"wp:featuredmedia":[{"embeddable":true,"href":"https:\/\/www.soccianchisemobili.com\/it\/wp-json\/wp\/v2\/media\/3804"}],"wp:attachment":[{"href":"https:\/\/www.soccianchisemobili.com\/it\/wp-json\/wp\/v2\/media?parent=4259"}],"curies":[{"name":"wp","href":"https:\/\/api.w.org\/{rel}","templated":true}]}}