{"id":3882,"date":"2018-06-26T17:02:13","date_gmt":"2018-06-26T15:02:13","guid":{"rendered":"https:\/\/www.soccianchisemobili.com\/homepage\/"},"modified":"2022-04-29T17:12:57","modified_gmt":"2022-04-29T15:12:57","slug":"homepage","status":"publish","type":"page","link":"https:\/\/www.soccianchisemobili.com\/it\/","title":{"rendered":"Italian Luxury Furniture"},"content":{"rendered":"[vc_row css=&#8221;.vc_custom_1530030450237{margin-top: -30px !important;}&#8221;][vc_column][layerslider_vc id=&#8221;8&#8243;][\/vc_column][\/vc_row][vc_row fullwidth=&#8221;true&#8221; fullwidth_content=&#8221;false&#8221; disable_element=&#8221;yes&#8221; css=&#8221;.vc_custom_1648032954225{background-position: 0 0 !important;background-repeat: no-repeat !important;}&#8221;][vc_column][layerslider_vc id=&#8221;9&#8243;][\/vc_column][\/vc_row][vc_row css=&#8221;.vc_custom_1651244899258{background: #ffffff url(https:\/\/www.soccianchisemobili.com\/wp-content\/uploads\/2022\/03\/socci_60_web-02.jpg?id=5758) !important;background-position: center !important;background-repeat: no-repeat !important;background-size: contain !important;}&#8221;][vc_column width=&#8221;1\/4&#8243;][\/vc_column][vc_column width=&#8221;1\/2&#8243;][vc_single_image image=&#8221;5758&#8243; img_size=&#8221;height 400&#8243; alignment=&#8221;center&#8221; css=&#8221;.vc_custom_1648035518798{background-color: #ffffff !important;background-position: center !important;background-repeat: no-repeat !important;background-size: contain !important;}&#8221;][\/vc_column][vc_column width=&#8221;1\/4&#8243;][\/vc_column][\/vc_row][vc_row fullwidth=&#8221;true&#8221; css=&#8221;.vc_custom_1651244212739{padding-right: 200px !important;padding-bottom: 100px !important;padding-left: 200px !important;}&#8221;][vc_column][vc_video link=&#8221;https:\/\/vimeo.com\/704456613&#8243; autoplay=&#8221;true&#8221; loop=&#8221;true&#8221;][\/vc_column][\/vc_row][vc_row fullwidth=&#8221;true&#8221; css=&#8221;.vc_custom_1651224939644{padding-top: 100px !important;padding-bottom: 100px !important;background-image: url(https:\/\/www.soccianchisemobili.com\/wp-content\/uploads\/2022\/03\/img_water_mark_socci_ok-scaled.jpg?id=5947) !important;background-position: center !important;background-repeat: no-repeat !important;background-size: cover !important;}&#8221;][vc_column width=&#8221;1\/4&#8243;][\/vc_column][vc_column width=&#8221;1\/2&#8243;][vc_column_text css=&#8221;.vc_custom_1651244234805{margin-bottom: 0px !important;padding-top: 50px !important;}&#8221;]\n<p style=\"text-align: justify; font-size: 24px; color: #ffffff;\"><b>ARREDAMENTO CLASSICO DI LUSSO DAL 1962<\/b><\/p>\n<p style=\"text-align: justify; font-size: 18px; color: #ffffff;\"><a href=\"\/?page_id=4014\">Socci Anchise Mobili<\/a> \u00e8 orgogliosa ed entusiasta di celebrare 60 anni di mobili unici. Dall&#8217;Italia al resto del mondo, lo stile sontuoso e le finiture di alta gamma dei prodotti Socci hanno affascinato migliaia di clienti. La sintesi sapiente di Design, artigianalit\u00e0 e qualit\u00e0 raggiunta negli anni non rappresenta solo lusso, ma vera eleganza per ogni ambiente.<\/p>\n<p>&nbsp;[\/vc_column_text][\/vc_column][vc_column width=&#8221;1\/4&#8243;][\/vc_column][\/vc_row][vc_row fullwidth=&#8221;true&#8221; parallax=&#8221;content-moving-fade&#8221; parallax_image=&#8221;1579&#8243; parallax_speed_bg=&#8221;2&#8243; css=&#8221;.vc_custom_1540308570021{padding-top: 150px !important;padding-bottom: 150px !important;}&#8221;][vc_column width=&#8221;1\/4&#8243;][\/vc_column][vc_column width=&#8221;1\/2&#8243;][vc_column_text css=&#8221;.vc_custom_1648036070318{margin-bottom: 0px !important;}&#8221;]\n<p style=\"text-align: justify; font-size: 24px; color: #ffffff;\"><b>NOTHING BUT NATURAL<\/b><\/p>\n<p style=\"text-align: justify; font-size: 18px; color: #ffffff;\">L\u2019amore e il rispetto per le materie prime nel suo stato pi\u00f9 puro sono il faro che illumina e ispira da 60 anni il design delle Collezioni Socci. Il vero lusso \u00e8 non rinunciare ai materiali naturali di qualit\u00e0.<\/p>\n<p>&nbsp;[\/vc_column_text][vc_btn title=&#8221;Focus su Materiali e Techiche&#8221; style=&#8221;classic&#8221; shape=&#8221;square&#8221; color=&#8221;black&#8221; align=&#8221;center&#8221; link=&#8221;url:https%3A%2F%2Fwww.soccianchisemobili.com%2Fit%2Fmateriali%2F|&#8221;][\/vc_column][vc_column width=&#8221;1\/4&#8243;][\/vc_column][\/vc_row][vc_row fullwidth=&#8221;true&#8221; css=&#8221;.vc_custom_1539784908682{padding-top: 150px !important;padding-bottom: 150px !important;background-image: url(https:\/\/www.soccianchisemobili.com\/wp-content\/uploads\/2018\/10\/disegno_progetti_hp_2-1.jpg?id=1785) !important;background-position: center !important;background-repeat: no-repeat !important;background-size: contain !important;}&#8221;][vc_column width=&#8221;1\/4&#8243;][\/vc_column][vc_column width=&#8221;1\/2&#8243;][vc_column_text css=&#8221;.vc_custom_1648036244216{margin-bottom: 0px !important;}&#8221;]\n<p style=\"text-align: justify; font-size: 24px;\"><b>PROGETTI SPECIALI<\/b><\/p>\n<p style=\"text-align: justify; font-size: 18px;\">Lo stile sontuoso e unico dei mobili Socci impreziosisce le residenze di importanti personalit\u00e0 in tutto il mondo, come presidenti, sceicchi, re, magnati e celebrit\u00e0. I pi\u00f9 famosi interior designer e pluripremiati architetti internazionali specificano i prodotti Socci nei loro <a href=\"\/?page_id=4295\">progetti<\/a>.<\/p>\n[\/vc_column_text][vc_btn title=&#8221;Scopri di pi\u00f9&#8221; style=&#8221;classic&#8221; shape=&#8221;square&#8221; color=&#8221;black&#8221; align=&#8221;center&#8221; link=&#8221;url:https%3A%2F%2Fwww.soccianchisemobili.com%2Fit%2Fprogetti%2F|&#8221;][\/vc_column][vc_column width=&#8221;1\/4&#8243;][\/vc_column][\/vc_row][vc_row fullwidth=&#8221;true&#8221; parallax=&#8221;content-moving&#8221; parallax_image=&#8221;1802&#8243; parallax_speed_bg=&#8221;2&#8243; css=&#8221;.vc_custom_1540308526325{padding-top: 150px !important;padding-bottom: 150px !important;}&#8221;][vc_column width=&#8221;1\/4&#8243;][\/vc_column][vc_column width=&#8221;1\/2&#8243;][vc_column_text css=&#8221;.vc_custom_1547122119658{margin-bottom: 0px !important;}&#8221;]\n<p style=\"text-align: justify; font-size: 24px; color: #ffffff;\"><b>RIVENDITORI AUTORIZZATI<\/b><\/p>\n<p style=\"text-align: justify; font-size: 18px; color: #ffffff;\">Socci opera attraverso un network di rivenditori autorizzati altamente qualificati, i cui spazi espositivi presentano la variet\u00e0 e la ricchezza della collezione aziendale. I rivenditori autorizzati Socci sono i soli a poter assicurare l\u2019autenticit\u00e0 dei prodotti e offrire un servizio post-vendita in linea con gli standard qualitativi dell\u2019Azienda.<\/p>\n[\/vc_column_text][vc_btn title=&#8221;Trova un rivenditore&#8221; style=&#8221;classic&#8221; shape=&#8221;square&#8221; color=&#8221;black&#8221; align=&#8221;center&#8221; link=&#8221;url:https%3A%2F%2Fwww.soccianchisemobili.com%2Fit%2Ftrova-un-rivenditore%2F|&#8221;][\/vc_column][vc_column width=&#8221;1\/4&#8243;][\/vc_column][\/vc_row]\n","protected":false},"excerpt":{"rendered":"<p>[vc_row css=&#8221;.vc_custom_1530030450237{margin-top: -30px !important;}&#8221;][vc_column][layerslider_vc id=&#8221;8&#8243;][\/vc_column][\/vc_row][vc_row fullwidth=&#8221;true&#8221; fullwidth_content=&#8221;false&#8221; disable_element=&#8221;yes&#8221; css=&#8221;.vc_custom_1648032954225{background-position: 0 0 !important;background-repeat: no-repeat !important;}&#8221;][vc_column][layerslider_vc id=&#8221;9&#8243;][\/vc_column][\/vc_row][vc_row css=&#8221;.vc_custom_1651244899258{background: #ffffff url(https:\/\/www.soccianchisemobili.com\/wp-content\/uploads\/2022\/03\/socci_60_web-02.jpg?id=5758) !important;background-position: center !important;background-repeat: no-repeat !important;background-size: contain !important;}&#8221;][vc_column width=&#8221;1\/4&#8243;][\/vc_column][vc_column width=&#8221;1\/2&#8243;][vc_single_image image=&#8221;5758&#8243; img_size=&#8221;height 400&#8243; alignment=&#8221;center&#8221; css=&#8221;.vc_custom_1648035518798{background-color: #ffffff !important;background-position: center !important;background-repeat: no-repeat !important;background-size: contain !important;}&#8221;][\/vc_column][vc_column width=&#8221;1\/4&#8243;][\/vc_column][\/vc_row][vc_row fullwidth=&#8221;true&#8221; css=&#8221;.vc_custom_1651244212739{padding-right: 200px !important;padding-bottom: 100px !important;padding-left: 200px !important;}&#8221;][vc_column][vc_video link=&#8221;https:\/\/vimeo.com\/704456613&#8243; autoplay=&#8221;true&#8221; loop=&#8221;true&#8221;][\/vc_column][\/vc_row][vc_row fullwidth=&#8221;true&#8221; css=&#8221;.vc_custom_1651224939644{padding-top: 100px [&hellip;]<\/p>\n","protected":false},"author":1,"featured_media":5341,"parent":0,"menu_order":0,"comment_status":"closed","ping_status":"closed","template":"","meta":{"ngg_post_thumbnail":0},"yoast_head":"<!-- This site is optimized with the Yoast SEO plugin v19.10 - https:\/\/yoast.com\/wordpress\/plugins\/seo\/ -->\n<title>Socci Anchise Mobili - Italian Luxury Furniture<\/title>\n<meta name=\"description\" content=\"Dal 1962 Socci realizza arredamento classico di lusso dallo stile unico grazie all&#039;unione di materiali pregiati e competenza artigianale.\" \/>\n<meta name=\"robots\" content=\"index, follow, max-snippet:-1, max-image-preview:large, max-video-preview:-1\" \/>\n<link rel=\"canonical\" href=\"https:\/\/www.soccianchisemobili.com\/it\/\" \/>\n<meta property=\"og:locale\" content=\"it_IT\" \/>\n<meta property=\"og:type\" content=\"article\" \/>\n<meta property=\"og:title\" content=\"Socci Anchise Mobili - Italian Luxury Furniture\" \/>\n<meta property=\"og:description\" content=\"Dal 1962 Socci realizza arredamento classico di lusso dallo stile unico grazie all&#039;unione di materiali pregiati e competenza artigianale.\" \/>\n<meta property=\"og:url\" content=\"https:\/\/www.soccianchisemobili.com\/it\/\" \/>\n<meta property=\"og:site_name\" content=\"Socci Anchise Mobili\" \/>\n<meta property=\"article:modified_time\" content=\"2022-04-29T15:12:57+00:00\" \/>\n<meta property=\"og:image\" content=\"https:\/\/www.soccianchisemobili.com\/wp-content\/uploads\/2022\/03\/socci_news2019_49.jpg\" \/>\n\t<meta property=\"og:image:width\" content=\"1501\" \/>\n\t<meta property=\"og:image:height\" content=\"1847\" \/>\n\t<meta property=\"og:image:type\" content=\"image\/jpeg\" \/>\n<meta name=\"twitter:card\" content=\"summary_large_image\" \/>\n<meta name=\"twitter:label1\" content=\"Tempo di lettura stimato\" \/>\n\t<meta name=\"twitter:data1\" content=\"2 minuti\" \/>\n<script type=\"application\/ld+json\" class=\"yoast-schema-graph\">{\"@context\":\"https:\/\/schema.org\",\"@graph\":[{\"@type\":\"WebPage\",\"@id\":\"https:\/\/www.soccianchisemobili.com\/it\/\",\"url\":\"https:\/\/www.soccianchisemobili.com\/it\/\",\"name\":\"Socci Anchise Mobili - Italian Luxury Furniture\",\"isPartOf\":{\"@id\":\"https:\/\/www.soccianchisemobili.com\/it\/#website\"},\"datePublished\":\"2018-06-26T15:02:13+00:00\",\"dateModified\":\"2022-04-29T15:12:57+00:00\",\"description\":\"Dal 1962 Socci realizza arredamento classico di lusso dallo stile unico grazie all'unione di materiali pregiati e competenza artigianale.\",\"breadcrumb\":{\"@id\":\"https:\/\/www.soccianchisemobili.com\/it\/#breadcrumb\"},\"inLanguage\":\"it-IT\",\"potentialAction\":[{\"@type\":\"ReadAction\",\"target\":[\"https:\/\/www.soccianchisemobili.com\/it\/\"]}]},{\"@type\":\"BreadcrumbList\",\"@id\":\"https:\/\/www.soccianchisemobili.com\/it\/#breadcrumb\",\"itemListElement\":[{\"@type\":\"ListItem\",\"position\":1,\"name\":\"Home\",\"item\":\"https:\/\/www.soccianchisemobili.com\/it\/\"},{\"@type\":\"ListItem\",\"position\":2,\"name\":\"Italian Luxury Furniture\"}]},{\"@type\":\"WebSite\",\"@id\":\"https:\/\/www.soccianchisemobili.com\/it\/#website\",\"url\":\"https:\/\/www.soccianchisemobili.com\/it\/\",\"name\":\"Socci Anchise Mobili\",\"description\":\"Italian Luxury Furniture\",\"publisher\":{\"@id\":\"https:\/\/www.soccianchisemobili.com\/it\/#organization\"},\"potentialAction\":[{\"@type\":\"SearchAction\",\"target\":{\"@type\":\"EntryPoint\",\"urlTemplate\":\"https:\/\/www.soccianchisemobili.com\/it\/?s={search_term_string}\"},\"query-input\":\"required name=search_term_string\"}],\"inLanguage\":\"it-IT\"},{\"@type\":\"Organization\",\"@id\":\"https:\/\/www.soccianchisemobili.com\/it\/#organization\",\"name\":\"Socci Anchise Mobili\",\"url\":\"https:\/\/www.soccianchisemobili.com\/it\/\",\"logo\":{\"@type\":\"ImageObject\",\"inLanguage\":\"it-IT\",\"@id\":\"https:\/\/www.soccianchisemobili.com\/it\/#\/schema\/logo\/image\/\",\"url\":\"https:\/\/www.soccianchisemobili.com\/wp-content\/uploads\/2018\/07\/logosocci_small-1.png\",\"contentUrl\":\"https:\/\/www.soccianchisemobili.com\/wp-content\/uploads\/2018\/07\/logosocci_small-1.png\",\"width\":100,\"height\":110,\"caption\":\"Socci Anchise Mobili\"},\"image\":{\"@id\":\"https:\/\/www.soccianchisemobili.com\/it\/#\/schema\/logo\/image\/\"}}]}<\/script>\n<!-- \/ Yoast SEO plugin. -->","yoast_head_json":{"title":"Socci Anchise Mobili - Italian Luxury Furniture","description":"Dal 1962 Socci realizza arredamento classico di lusso dallo stile unico grazie all'unione di materiali pregiati e competenza artigianale.","robots":{"index":"index","follow":"follow","max-snippet":"max-snippet:-1","max-image-preview":"max-image-preview:large","max-video-preview":"max-video-preview:-1"},"canonical":"https:\/\/www.soccianchisemobili.com\/it\/","og_locale":"it_IT","og_type":"article","og_title":"Socci Anchise Mobili - Italian Luxury Furniture","og_description":"Dal 1962 Socci realizza arredamento classico di lusso dallo stile unico grazie all'unione di materiali pregiati e competenza artigianale.","og_url":"https:\/\/www.soccianchisemobili.com\/it\/","og_site_name":"Socci Anchise Mobili","article_modified_time":"2022-04-29T15:12:57+00:00","og_image":[{"width":1501,"height":1847,"url":"https:\/\/www.soccianchisemobili.com\/wp-content\/uploads\/2022\/03\/socci_news2019_49.jpg","type":"image\/jpeg"}],"twitter_card":"summary_large_image","twitter_misc":{"Tempo di lettura stimato":"2 minuti"},"schema":{"@context":"https:\/\/schema.org","@graph":[{"@type":"WebPage","@id":"https:\/\/www.soccianchisemobili.com\/it\/","url":"https:\/\/www.soccianchisemobili.com\/it\/","name":"Socci Anchise Mobili - Italian Luxury Furniture","isPartOf":{"@id":"https:\/\/www.soccianchisemobili.com\/it\/#website"},"datePublished":"2018-06-26T15:02:13+00:00","dateModified":"2022-04-29T15:12:57+00:00","description":"Dal 1962 Socci realizza arredamento classico di lusso dallo stile unico grazie all'unione di materiali pregiati e competenza artigianale.","breadcrumb":{"@id":"https:\/\/www.soccianchisemobili.com\/it\/#breadcrumb"},"inLanguage":"it-IT","potentialAction":[{"@type":"ReadAction","target":["https:\/\/www.soccianchisemobili.com\/it\/"]}]},{"@type":"BreadcrumbList","@id":"https:\/\/www.soccianchisemobili.com\/it\/#breadcrumb","itemListElement":[{"@type":"ListItem","position":1,"name":"Home","item":"https:\/\/www.soccianchisemobili.com\/it\/"},{"@type":"ListItem","position":2,"name":"Italian Luxury Furniture"}]},{"@type":"WebSite","@id":"https:\/\/www.soccianchisemobili.com\/it\/#website","url":"https:\/\/www.soccianchisemobili.com\/it\/","name":"Socci Anchise Mobili","description":"Italian Luxury Furniture","publisher":{"@id":"https:\/\/www.soccianchisemobili.com\/it\/#organization"},"potentialAction":[{"@type":"SearchAction","target":{"@type":"EntryPoint","urlTemplate":"https:\/\/www.soccianchisemobili.com\/it\/?s={search_term_string}"},"query-input":"required name=search_term_string"}],"inLanguage":"it-IT"},{"@type":"Organization","@id":"https:\/\/www.soccianchisemobili.com\/it\/#organization","name":"Socci Anchise Mobili","url":"https:\/\/www.soccianchisemobili.com\/it\/","logo":{"@type":"ImageObject","inLanguage":"it-IT","@id":"https:\/\/www.soccianchisemobili.com\/it\/#\/schema\/logo\/image\/","url":"https:\/\/www.soccianchisemobili.com\/wp-content\/uploads\/2018\/07\/logosocci_small-1.png","contentUrl":"https:\/\/www.soccianchisemobili.com\/wp-content\/uploads\/2018\/07\/logosocci_small-1.png","width":100,"height":110,"caption":"Socci Anchise Mobili"},"image":{"@id":"https:\/\/www.soccianchisemobili.com\/it\/#\/schema\/logo\/image\/"}}]}},"_links":{"self":[{"href":"https:\/\/www.soccianchisemobili.com\/it\/wp-json\/wp\/v2\/pages\/3882"}],"collection":[{"href":"https:\/\/www.soccianchisemobili.com\/it\/wp-json\/wp\/v2\/pages"}],"about":[{"href":"https:\/\/www.soccianchisemobili.com\/it\/wp-json\/wp\/v2\/types\/page"}],"author":[{"embeddable":true,"href":"https:\/\/www.soccianchisemobili.com\/it\/wp-json\/wp\/v2\/users\/1"}],"replies":[{"embeddable":true,"href":"https:\/\/www.soccianchisemobili.com\/it\/wp-json\/wp\/v2\/comments?post=3882"}],"version-history":[{"count":22,"href":"https:\/\/www.soccianchisemobili.com\/it\/wp-json\/wp\/v2\/pages\/3882\/revisions"}],"predecessor-version":[{"id":5978,"href":"https:\/\/www.soccianchisemobili.com\/it\/wp-json\/wp\/v2\/pages\/3882\/revisions\/5978"}],"wp:featuredmedia":[{"embeddable":true,"href":"https:\/\/www.soccianchisemobili.com\/it\/wp-json\/wp\/v2\/media\/5341"}],"wp:attachment":[{"href":"https:\/\/www.soccianchisemobili.com\/it\/wp-json\/wp\/v2\/media?parent=3882"}],"curies":[{"name":"wp","href":"https:\/\/api.w.org\/{rel}","templated":true}]}}