{"id":3860,"date":"2019-01-28T15:38:38","date_gmt":"2019-01-28T14:38:38","guid":{"rendered":"https:\/\/www.soccianchisemobili.com\/find-a-dealer\/"},"modified":"2019-03-12T12:44:37","modified_gmt":"2019-03-12T11:44:37","slug":"trova-un-rivenditore","status":"publish","type":"page","link":"https:\/\/www.soccianchisemobili.com\/it\/trova-un-rivenditore\/","title":{"rendered":"Trova un rivenditore"},"content":{"rendered":"[vc_row][vc_column][vc_empty_space height=&#8221;100px&#8221;][\/vc_column][\/vc_row][vc_row fullwidth=&#8221;true&#8221; css=&#8221;.vc_custom_1552391072412{padding-right: 8% !important;padding-left: 8% !important;}&#8221;][vc_column][vc_column_text css=&#8221;.vc_custom_1549555601093{margin-bottom: 0px !important;}&#8221;]\n<h3>Trova un rivenditore autorizzato Socci<\/h3>\n<p>Socci opera attraverso una rete di rivenditori autorizzati altamente qualificati, i cui spazi espositivi presentano la variet\u00e0 e la ricchezza della collezione aziendale attraverso una mostra progettata in ogni dettaglio.<\/p>\n<p>Se desideri sapere dove si trova il rivenditore autorizzato pi\u00f9 vicino a te, compila i campi sottostanti.[\/vc_column_text][vc_column_text css=&#8221;.vc_custom_1549555624256{margin-bottom: 0px !important;}&#8221;]\n<h3><span id=\"result_box\" class=\"short_text\" lang=\"en\"><span class=\"\">Invia la tua richiesta<\/span><\/span><\/h3>\n[\/vc_column_text]<div role=\"form\" class=\"wpcf7\" id=\"wpcf7-f4005-o1\" lang=\"it-IT\" dir=\"ltr\">\n<div class=\"screen-reader-response\"><p role=\"status\" aria-live=\"polite\" aria-atomic=\"true\"><\/p> <ul><\/ul><\/div>\n<form action=\"\/it\/wp-json\/wp\/v2\/pages\/3860#wpcf7-f4005-o1\" method=\"post\" class=\"wpcf7-form init\" novalidate=\"novalidate\" data-status=\"init\">\n<div style=\"display: none;\">\n<input type=\"hidden\" name=\"_wpcf7\" value=\"4005\" \/>\n<input type=\"hidden\" name=\"_wpcf7_version\" value=\"5.6.4\" \/>\n<input type=\"hidden\" name=\"_wpcf7_locale\" value=\"it_IT\" \/>\n<input type=\"hidden\" name=\"_wpcf7_unit_tag\" value=\"wpcf7-f4005-o1\" \/>\n<input type=\"hidden\" name=\"_wpcf7_container_post\" value=\"0\" \/>\n<input type=\"hidden\" name=\"_wpcf7_posted_data_hash\" value=\"\" \/>\n<input type=\"hidden\" name=\"_wpcf7_recaptcha_response\" value=\"\" \/>\n<\/div>\n<div class=\"mk-contact-form-wrapper s_contact outline-style s_outline contact-dark dark\">\n<div class=\"mk-form-row one-third\">\n<div class=\"mk-form-full s_form-all\"><span class=\"wpcf7-form-control-wrap\" data-name=\"nome\"><input type=\"text\" name=\"nome\" value=\"\" size=\"40\" class=\"wpcf7-form-control wpcf7-text wpcf7-validates-as-required text-input s_txt-input\" aria-required=\"true\" aria-invalid=\"false\" placeholder=\"Nome (richiesto)\" \/><\/span><\/div>\n<\/div>\n<div class=\"mk-form-row one-third\">\n<div class=\"mk-form-full s_form-all\"><span class=\"wpcf7-form-control-wrap\" data-name=\"cognome\"><input type=\"text\" name=\"cognome\" value=\"\" size=\"40\" class=\"wpcf7-form-control wpcf7-text wpcf7-validates-as-required text-input s_txt-input\" aria-required=\"true\" aria-invalid=\"false\" placeholder=\"Cognome (richiesto)\" \/><\/span><\/div>\n<\/div>\n<div class=\"mk-form-row one-third\">\n<div class=\"mk-form-full s_form-all\"><span class=\"wpcf7-form-control-wrap\" data-name=\"email\"><input type=\"email\" name=\"email\" value=\"\" size=\"40\" class=\"wpcf7-form-control wpcf7-text wpcf7-email wpcf7-validates-as-required wpcf7-validates-as-email text-input s_txt-input\" aria-required=\"true\" aria-invalid=\"false\" placeholder=\"Email (richiesto)\" \/><\/span><\/div>\n<\/div>\n<div class=\"mk-form-row\">\n<div class=\"mk-form-full s_form-all\"><span class=\"wpcf7-form-control-wrap\" data-name=\"nazione\"><select name=\"nazione\" class=\"wpcf7-form-control wpcf7-select text-input s_txt-input\" aria-invalid=\"false\"><option value=\"PAESE DI PROVENIENZA\">PAESE DI PROVENIENZA<\/option><option value=\"Afghanistan\">Afghanistan<\/option><option value=\"Albania\">Albania<\/option><option value=\"Algeria\">Algeria<\/option><option value=\"Andorra\">Andorra<\/option><option value=\"Angola\">Angola<\/option><option value=\"Antigua e Barbuda\">Antigua e Barbuda<\/option><option value=\"Arabia Saudita\">Arabia Saudita<\/option><option value=\"Argentina\">Argentina<\/option><option value=\"Armenia\">Armenia<\/option><option value=\"Australia\">Australia<\/option><option value=\"Austria\">Austria<\/option><option value=\"Azerbaigian\">Azerbaigian<\/option><option value=\"Bahamas\">Bahamas<\/option><option value=\"Bahrein\">Bahrein<\/option><option value=\"Bangladesh\">Bangladesh<\/option><option value=\"Barbados\">Barbados<\/option><option value=\"Belgio\">Belgio<\/option><option value=\"Belize\">Belize<\/option><option value=\"Benin\">Benin<\/option><option value=\"Bhutan\">Bhutan<\/option><option value=\"Bielorussia\">Bielorussia<\/option><option value=\"Bolivia\">Bolivia<\/option><option value=\"Bosnia ed Erzegovina\">Bosnia ed Erzegovina<\/option><option value=\"Botswana\">Botswana<\/option><option value=\"Brasile\">Brasile<\/option><option value=\"Brunei\">Brunei<\/option><option value=\"Bulgaria\">Bulgaria<\/option><option value=\"Burkina Faso\">Burkina Faso<\/option><option value=\"Burundi\">Burundi<\/option><option value=\"Cambogia\">Cambogia<\/option><option value=\"Camerun\">Camerun<\/option><option value=\"Canada\">Canada<\/option><option value=\"Capo Verde\">Capo Verde<\/option><option value=\"Ciad\">Ciad<\/option><option value=\"Cile\">Cile<\/option><option value=\"Cina\">Cina<\/option><option value=\"Cipro\">Cipro<\/option><option value=\"Citt\u00e0 del Vaticano\">Citt\u00e0 del Vaticano<\/option><option value=\"Colombia\">Colombia<\/option><option value=\"Comore\">Comore<\/option><option value=\"Corea del Nord\">Corea del Nord<\/option><option value=\"Corea del Sud\">Corea del Sud<\/option><option value=\"Costa d\u2019Avorio\">Costa d\u2019Avorio<\/option><option value=\"Costa Rica\">Costa Rica<\/option><option value=\"Croazia\">Croazia<\/option><option value=\"Cuba\">Cuba<\/option><option value=\"Danimarca\">Danimarca<\/option><option value=\"Dominica\">Dominica<\/option><option value=\"Ecuador\">Ecuador<\/option><option value=\"Egitto\">Egitto<\/option><option value=\"El Salvador\">El Salvador<\/option><option value=\"Emirati Arabi Uniti\">Emirati Arabi Uniti<\/option><option value=\"Eritrea\">Eritrea<\/option><option value=\"Estonia\">Estonia<\/option><option value=\"Etiopia\">Etiopia<\/option><option value=\"Figi\">Figi<\/option><option value=\"Filippine\">Filippine<\/option><option value=\"Finlandia\">Finlandia<\/option><option value=\"Francia\">Francia<\/option><option value=\"Gabon\">Gabon<\/option><option value=\"Gambia\">Gambia<\/option><option value=\"Georgia\">Georgia<\/option><option value=\"Germania\">Germania<\/option><option value=\"Ghana\">Ghana<\/option><option value=\"Giamaica\">Giamaica<\/option><option value=\"Giappone\">Giappone<\/option><option value=\"Gibuti\">Gibuti<\/option><option value=\"Giordania\">Giordania<\/option><option value=\"Grecia\">Grecia<\/option><option value=\"Grenada\">Grenada<\/option><option value=\"Guatemala\">Guatemala<\/option><option value=\"Guinea\">Guinea<\/option><option value=\"Guinea-Bissau\">Guinea-Bissau<\/option><option value=\"Guinea Equatoriale\">Guinea Equatoriale<\/option><option value=\"Guyana\">Guyana<\/option><option value=\"Haiti\">Haiti<\/option><option value=\"Honduras\">Honduras<\/option><option value=\"India\">India<\/option><option value=\"Indonesia\">Indonesia<\/option><option value=\"Iran\">Iran<\/option><option value=\"Iraq\">Iraq<\/option><option value=\"Irlanda\">Irlanda<\/option><option value=\"Islanda\">Islanda<\/option><option value=\"Isole Marshall\">Isole Marshall<\/option><option value=\"Isole Salomone\">Isole Salomone<\/option><option value=\"Israele\">Israele<\/option><option value=\"Italia\">Italia<\/option><option value=\"Kazakistan\">Kazakistan<\/option><option value=\"Kenya\">Kenya<\/option><option value=\"Kirghizistan\">Kirghizistan<\/option><option value=\"Kiribati\">Kiribati<\/option><option value=\"Kuwait\">Kuwait<\/option><option value=\"Laos\">Laos<\/option><option value=\"Lesotho\">Lesotho<\/option><option value=\"Lettonia\">Lettonia<\/option><option value=\"Libano\">Libano<\/option><option value=\"Liberia\">Liberia<\/option><option value=\"Libia\">Libia<\/option><option value=\"Liechtenstein\">Liechtenstein<\/option><option value=\"Lituania\">Lituania<\/option><option value=\"Lussemburgo\">Lussemburgo<\/option><option value=\"Macedonia\">Macedonia<\/option><option value=\"Madagascar\">Madagascar<\/option><option value=\"Malawi\">Malawi<\/option><option value=\"Maldive\">Maldive<\/option><option value=\"Malesia\">Malesia<\/option><option value=\"Mali\">Mali<\/option><option value=\"Malta\">Malta<\/option><option value=\"Marocco\">Marocco<\/option><option value=\"Mauritania\">Mauritania<\/option><option value=\"Mauritius\">Mauritius<\/option><option value=\"Messico\">Messico<\/option><option value=\"Micronesia\">Micronesia<\/option><option value=\"Moldavia\">Moldavia<\/option><option value=\"Monaco\">Monaco<\/option><option value=\"Mongolia\">Mongolia<\/option><option value=\"Montenegro\">Montenegro<\/option><option value=\"Mozambico\">Mozambico<\/option><option value=\"Myanmar o Birmania\">Myanmar o Birmania<\/option><option value=\"Namibia\">Namibia<\/option><option value=\"Nauru\">Nauru<\/option><option value=\"Nepal\">Nepal<\/option><option value=\"Nicaragua\">Nicaragua<\/option><option value=\"Niger\">Niger<\/option><option value=\"Nigeria\">Nigeria<\/option><option value=\"Norvegia\">Norvegia<\/option><option value=\"Nuova Zelanda\">Nuova Zelanda<\/option><option value=\"Oman\">Oman<\/option><option value=\"Paesi Bassi\">Paesi Bassi<\/option><option value=\"Pakistan\">Pakistan<\/option><option value=\"Palau\">Palau<\/option><option value=\"Palestina\">Palestina<\/option><option value=\"Panama\">Panama<\/option><option value=\"Papua Nuova Guinea\">Papua Nuova Guinea<\/option><option value=\"Paraguay\">Paraguay<\/option><option value=\"Per\u00f9\">Per\u00f9<\/option><option value=\"Polonia\">Polonia<\/option><option value=\"Portogallo\">Portogallo<\/option><option value=\"Qatar\">Qatar<\/option><option value=\"Regno Unito\">Regno Unito<\/option><option value=\"Repubblica Ceca\">Repubblica Ceca<\/option><option value=\"Repubblica Centrafricana\">Repubblica Centrafricana<\/option><option value=\"Repubblica del Congo\">Repubblica del Congo<\/option><option value=\"Repubblica Democratica del Congo\">Repubblica Democratica del Congo<\/option><option value=\"Repubblica Dominicana\">Repubblica Dominicana<\/option><option value=\"Romania\">Romania<\/option><option value=\"Ruanda\">Ruanda<\/option><option value=\"Russia\">Russia<\/option><option value=\"Saint Kitts e Nevis\">Saint Kitts e Nevis<\/option><option value=\"Saint Vincent e Grenadine\">Saint Vincent e Grenadine<\/option><option value=\"Samoa\">Samoa<\/option><option value=\"San Marino\">San Marino<\/option><option value=\"Santa Lucia\">Santa Lucia<\/option><option value=\"S\u00e3o Tom\u00e9 e Pr\u00edncipe\">S\u00e3o Tom\u00e9 e Pr\u00edncipe<\/option><option value=\"Senegal\">Senegal<\/option><option value=\"Serbia\">Serbia<\/option><option value=\"Seychelles\">Seychelles<\/option><option value=\"Sierra Leone\">Sierra Leone<\/option><option value=\"Singapore\">Singapore<\/option><option value=\"Siria\">Siria<\/option><option value=\"Slovacchia\">Slovacchia<\/option><option value=\"Slovenia\">Slovenia<\/option><option value=\"Somalia\">Somalia<\/option><option value=\"Spagna\">Spagna<\/option><option value=\"Sri Lanka\">Sri Lanka<\/option><option value=\"Stati Uniti\">Stati Uniti<\/option><option value=\"Sudafrica\">Sudafrica<\/option><option value=\"Sudan\">Sudan<\/option><option value=\"Sudan del Sud\">Sudan del Sud<\/option><option value=\"Suriname\">Suriname<\/option><option value=\"Svezia\">Svezia<\/option><option value=\"Svizzera\">Svizzera<\/option><option value=\"Swaziland\">Swaziland<\/option><option value=\"Tagikistan\">Tagikistan<\/option><option value=\"Taiwan\">Taiwan<\/option><option value=\"Tanzania\">Tanzania<\/option><option value=\"Thailandia\">Thailandia<\/option><option value=\"Timor Est\">Timor Est<\/option><option value=\"Togo\">Togo<\/option><option value=\"Tonga\">Tonga<\/option><option value=\"Trinidad e Tobago\">Trinidad e Tobago<\/option><option value=\"Tunisia\">Tunisia<\/option><option value=\"Turchia\">Turchia<\/option><option value=\"Turkmenistan\">Turkmenistan<\/option><option value=\"Tuvalu\">Tuvalu<\/option><option value=\"Ucraina\">Ucraina<\/option><option value=\"Uganda\">Uganda<\/option><option value=\"Ungheria\">Ungheria<\/option><option value=\"Uruguay\">Uruguay<\/option><option value=\"Uzbekistan\">Uzbekistan<\/option><option value=\"Vanuatu\">Vanuatu<\/option><option value=\"Venezuela\">Venezuela<\/option><option value=\"Vietnam\">Vietnam<\/option><option value=\"Yemen\">Yemen<\/option><option value=\"Zambia\">Zambia<\/option><option value=\"Zimbabwe\">Zimbabwe<\/option><\/select><\/span><\/div>\n<\/div>\n<div class=\"mk-form-row\">\n<div class=\"mk-form-full s_form-all\"><span class=\"wpcf7-form-control-wrap\" data-name=\"tipo-cliente\"><select name=\"tipo-cliente\" class=\"wpcf7-form-control wpcf7-select text-input s_txt-input\" aria-invalid=\"false\"><option value=\"TIPO DI CLIENTE\">TIPO DI CLIENTE<\/option><option value=\"Architetto\">Architetto<\/option><option value=\"Interior Designer\">Interior Designer<\/option><option value=\"Showroom\">Showroom<\/option><option value=\"Cliente Privato\">Cliente Privato<\/option><option value=\"Altro\">Altro<\/option><\/select><\/span><\/div>\n<\/div>\n<div class=\"mk-form-row half\">\n<div class=\"mk-form-full s_form-all\"><span class=\"wpcf7-form-control-wrap\" data-name=\"telefono\"><input type=\"text\" name=\"telefono\" value=\"\" size=\"40\" class=\"wpcf7-form-control wpcf7-text text-input s_txt-input\" aria-invalid=\"false\" placeholder=\"Telefono\" \/><\/span><\/div>\n<\/div>\n<div class=\"mk-form-row half\">\n<div class=\"mk-form-full s_form-all\"><span class=\"wpcf7-form-control-wrap\" data-name=\"website\"><input type=\"text\" name=\"website\" value=\"\" size=\"40\" class=\"wpcf7-form-control wpcf7-text text-input s_txt-input\" aria-invalid=\"false\" placeholder=\"Sito web\" \/><\/span><\/div>\n<\/div>\n<div class=\"mk-form-row\">\n<div class=\"mk-form-full s_form-all\"><span class=\"wpcf7-form-control-wrap\" data-name=\"note\"><textarea name=\"note\" cols=\"40\" rows=\"10\" class=\"wpcf7-form-control wpcf7-textarea mk-textarea s_txt-input\" aria-invalid=\"false\" placeholder=\"Note\"><\/textarea><\/span><\/div>\n<\/div>\n<div class=\"mk-form-row mk-gdpr-consent-check\">\n<div class=\"s_form-all\">\n\t\t\t<span class=\"wpcf7-form-control-wrap\" data-name=\"privacy-acceptance\"><span class=\"wpcf7-form-control wpcf7-acceptance\"><span class=\"wpcf7-list-item\"><label><input type=\"checkbox\" name=\"privacy-acceptance\" value=\"1\" aria-invalid=\"false\" checked=\"checked\" class=\"mk-checkbox\" \/><span class=\"wpcf7-list-item-label\">Ho letto e accetto le <a href=\"https:\/\/www.soccianchisemobili.com\/it\/privacy-policy\/\" target=\"_blank\">Norme sulla privacy<\/a> di Socci Anchise Mobili<\/span><\/label><\/span><\/span><\/span>\n\t\t<\/div>\n<\/div>\n<div class=\"mk-form-row\">\n\t\t<input type=\"submit\" value=\"INVIA\" class=\"wpcf7-form-control has-spinner wpcf7-submit mk-progress-button contact-outline-submit outline-btn-dark\" \/>\n\t<\/div>\n<\/div>\n<div class=\"wpcf7-response-output\" aria-hidden=\"true\"><\/div><\/form><\/div>[vc_empty_space height=&#8221;100px&#8221;][\/vc_column][\/vc_row]\n","protected":false},"excerpt":{"rendered":"<p>[vc_row][vc_column][vc_empty_space height=&#8221;100px&#8221;][\/vc_column][\/vc_row][vc_row fullwidth=&#8221;true&#8221; css=&#8221;.vc_custom_1552391072412{padding-right: 8% !important;padding-left: 8% !important;}&#8221;][vc_column][vc_column_text css=&#8221;.vc_custom_1549555601093{margin-bottom: 0px !important;}&#8221;] Trova un rivenditore autorizzato Socci Socci opera attraverso una rete di rivenditori autorizzati altamente qualificati, i cui spazi espositivi presentano la variet\u00e0 e la ricchezza della collezione aziendale attraverso una mostra progettata in ogni dettaglio. Se desideri sapere dove si trova il rivenditore autorizzato [&hellip;]<\/p>\n","protected":false},"author":1,"featured_media":0,"parent":0,"menu_order":0,"comment_status":"closed","ping_status":"closed","template":"","meta":{"ngg_post_thumbnail":0},"yoast_head":"<!-- This site is optimized with the Yoast SEO plugin v19.10 - https:\/\/yoast.com\/wordpress\/plugins\/seo\/ -->\n<title>Trova un rivenditore - Socci Anchise Mobili<\/title>\n<meta name=\"robots\" content=\"index, follow, max-snippet:-1, max-image-preview:large, max-video-preview:-1\" \/>\n<link rel=\"canonical\" href=\"https:\/\/www.soccianchisemobili.com\/it\/trova-un-rivenditore\/\" \/>\n<meta property=\"og:locale\" content=\"it_IT\" \/>\n<meta property=\"og:type\" content=\"article\" \/>\n<meta property=\"og:title\" content=\"Trova un rivenditore - Socci Anchise Mobili\" \/>\n<meta property=\"og:description\" content=\"[vc_row][vc_column][vc_empty_space height=&#8221;100px&#8221;][\/vc_column][\/vc_row][vc_row fullwidth=&#8221;true&#8221; css=&#8221;.vc_custom_1552391072412{padding-right: 8% !important;padding-left: 8% !important;}&#8221;][vc_column][vc_column_text css=&#8221;.vc_custom_1549555601093{margin-bottom: 0px !important;}&#8221;] Trova un rivenditore autorizzato Socci Socci opera attraverso una rete di rivenditori autorizzati altamente qualificati, i cui spazi espositivi presentano la variet\u00e0 e la ricchezza della collezione aziendale attraverso una mostra progettata in ogni dettaglio. Se desideri sapere dove si trova il rivenditore autorizzato [&hellip;]\" \/>\n<meta property=\"og:url\" content=\"https:\/\/www.soccianchisemobili.com\/it\/trova-un-rivenditore\/\" \/>\n<meta property=\"og:site_name\" content=\"Socci Anchise Mobili\" \/>\n<meta property=\"article:modified_time\" content=\"2019-03-12T11:44:37+00:00\" \/>\n<meta name=\"twitter:card\" content=\"summary_large_image\" \/>\n<meta name=\"twitter:label1\" content=\"Tempo di lettura stimato\" \/>\n\t<meta name=\"twitter:data1\" content=\"1 minuto\" \/>\n<script type=\"application\/ld+json\" class=\"yoast-schema-graph\">{\"@context\":\"https:\/\/schema.org\",\"@graph\":[{\"@type\":\"WebPage\",\"@id\":\"https:\/\/www.soccianchisemobili.com\/it\/trova-un-rivenditore\/\",\"url\":\"https:\/\/www.soccianchisemobili.com\/it\/trova-un-rivenditore\/\",\"name\":\"Trova un rivenditore - Socci Anchise Mobili\",\"isPartOf\":{\"@id\":\"https:\/\/www.soccianchisemobili.com\/it\/#website\"},\"datePublished\":\"2019-01-28T14:38:38+00:00\",\"dateModified\":\"2019-03-12T11:44:37+00:00\",\"breadcrumb\":{\"@id\":\"https:\/\/www.soccianchisemobili.com\/it\/trova-un-rivenditore\/#breadcrumb\"},\"inLanguage\":\"it-IT\",\"potentialAction\":[{\"@type\":\"ReadAction\",\"target\":[\"https:\/\/www.soccianchisemobili.com\/it\/trova-un-rivenditore\/\"]}]},{\"@type\":\"BreadcrumbList\",\"@id\":\"https:\/\/www.soccianchisemobili.com\/it\/trova-un-rivenditore\/#breadcrumb\",\"itemListElement\":[{\"@type\":\"ListItem\",\"position\":1,\"name\":\"Home\",\"item\":\"https:\/\/www.soccianchisemobili.com\/it\/\"},{\"@type\":\"ListItem\",\"position\":2,\"name\":\"Trova un rivenditore\"}]},{\"@type\":\"WebSite\",\"@id\":\"https:\/\/www.soccianchisemobili.com\/it\/#website\",\"url\":\"https:\/\/www.soccianchisemobili.com\/it\/\",\"name\":\"Socci Anchise Mobili\",\"description\":\"Italian Luxury Furniture\",\"publisher\":{\"@id\":\"https:\/\/www.soccianchisemobili.com\/it\/#organization\"},\"potentialAction\":[{\"@type\":\"SearchAction\",\"target\":{\"@type\":\"EntryPoint\",\"urlTemplate\":\"https:\/\/www.soccianchisemobili.com\/it\/?s={search_term_string}\"},\"query-input\":\"required name=search_term_string\"}],\"inLanguage\":\"it-IT\"},{\"@type\":\"Organization\",\"@id\":\"https:\/\/www.soccianchisemobili.com\/it\/#organization\",\"name\":\"Socci Anchise Mobili\",\"url\":\"https:\/\/www.soccianchisemobili.com\/it\/\",\"logo\":{\"@type\":\"ImageObject\",\"inLanguage\":\"it-IT\",\"@id\":\"https:\/\/www.soccianchisemobili.com\/it\/#\/schema\/logo\/image\/\",\"url\":\"https:\/\/www.soccianchisemobili.com\/wp-content\/uploads\/2018\/07\/logosocci_small-1.png\",\"contentUrl\":\"https:\/\/www.soccianchisemobili.com\/wp-content\/uploads\/2018\/07\/logosocci_small-1.png\",\"width\":100,\"height\":110,\"caption\":\"Socci Anchise Mobili\"},\"image\":{\"@id\":\"https:\/\/www.soccianchisemobili.com\/it\/#\/schema\/logo\/image\/\"}}]}<\/script>\n<!-- \/ Yoast SEO plugin. -->","yoast_head_json":{"title":"Trova un rivenditore - Socci Anchise Mobili","robots":{"index":"index","follow":"follow","max-snippet":"max-snippet:-1","max-image-preview":"max-image-preview:large","max-video-preview":"max-video-preview:-1"},"canonical":"https:\/\/www.soccianchisemobili.com\/it\/trova-un-rivenditore\/","og_locale":"it_IT","og_type":"article","og_title":"Trova un rivenditore - Socci Anchise Mobili","og_description":"[vc_row][vc_column][vc_empty_space height=&#8221;100px&#8221;][\/vc_column][\/vc_row][vc_row fullwidth=&#8221;true&#8221; css=&#8221;.vc_custom_1552391072412{padding-right: 8% !important;padding-left: 8% !important;}&#8221;][vc_column][vc_column_text css=&#8221;.vc_custom_1549555601093{margin-bottom: 0px !important;}&#8221;] Trova un rivenditore autorizzato Socci Socci opera attraverso una rete di rivenditori autorizzati altamente qualificati, i cui spazi espositivi presentano la variet\u00e0 e la ricchezza della collezione aziendale attraverso una mostra progettata in ogni dettaglio. Se desideri sapere dove si trova il rivenditore autorizzato [&hellip;]","og_url":"https:\/\/www.soccianchisemobili.com\/it\/trova-un-rivenditore\/","og_site_name":"Socci Anchise Mobili","article_modified_time":"2019-03-12T11:44:37+00:00","twitter_card":"summary_large_image","twitter_misc":{"Tempo di lettura stimato":"1 minuto"},"schema":{"@context":"https:\/\/schema.org","@graph":[{"@type":"WebPage","@id":"https:\/\/www.soccianchisemobili.com\/it\/trova-un-rivenditore\/","url":"https:\/\/www.soccianchisemobili.com\/it\/trova-un-rivenditore\/","name":"Trova un rivenditore - Socci Anchise Mobili","isPartOf":{"@id":"https:\/\/www.soccianchisemobili.com\/it\/#website"},"datePublished":"2019-01-28T14:38:38+00:00","dateModified":"2019-03-12T11:44:37+00:00","breadcrumb":{"@id":"https:\/\/www.soccianchisemobili.com\/it\/trova-un-rivenditore\/#breadcrumb"},"inLanguage":"it-IT","potentialAction":[{"@type":"ReadAction","target":["https:\/\/www.soccianchisemobili.com\/it\/trova-un-rivenditore\/"]}]},{"@type":"BreadcrumbList","@id":"https:\/\/www.soccianchisemobili.com\/it\/trova-un-rivenditore\/#breadcrumb","itemListElement":[{"@type":"ListItem","position":1,"name":"Home","item":"https:\/\/www.soccianchisemobili.com\/it\/"},{"@type":"ListItem","position":2,"name":"Trova un rivenditore"}]},{"@type":"WebSite","@id":"https:\/\/www.soccianchisemobili.com\/it\/#website","url":"https:\/\/www.soccianchisemobili.com\/it\/","name":"Socci Anchise Mobili","description":"Italian Luxury Furniture","publisher":{"@id":"https:\/\/www.soccianchisemobili.com\/it\/#organization"},"potentialAction":[{"@type":"SearchAction","target":{"@type":"EntryPoint","urlTemplate":"https:\/\/www.soccianchisemobili.com\/it\/?s={search_term_string}"},"query-input":"required name=search_term_string"}],"inLanguage":"it-IT"},{"@type":"Organization","@id":"https:\/\/www.soccianchisemobili.com\/it\/#organization","name":"Socci Anchise Mobili","url":"https:\/\/www.soccianchisemobili.com\/it\/","logo":{"@type":"ImageObject","inLanguage":"it-IT","@id":"https:\/\/www.soccianchisemobili.com\/it\/#\/schema\/logo\/image\/","url":"https:\/\/www.soccianchisemobili.com\/wp-content\/uploads\/2018\/07\/logosocci_small-1.png","contentUrl":"https:\/\/www.soccianchisemobili.com\/wp-content\/uploads\/2018\/07\/logosocci_small-1.png","width":100,"height":110,"caption":"Socci Anchise Mobili"},"image":{"@id":"https:\/\/www.soccianchisemobili.com\/it\/#\/schema\/logo\/image\/"}}]}},"_links":{"self":[{"href":"https:\/\/www.soccianchisemobili.com\/it\/wp-json\/wp\/v2\/pages\/3860"}],"collection":[{"href":"https:\/\/www.soccianchisemobili.com\/it\/wp-json\/wp\/v2\/pages"}],"about":[{"href":"https:\/\/www.soccianchisemobili.com\/it\/wp-json\/wp\/v2\/types\/page"}],"author":[{"embeddable":true,"href":"https:\/\/www.soccianchisemobili.com\/it\/wp-json\/wp\/v2\/users\/1"}],"replies":[{"embeddable":true,"href":"https:\/\/www.soccianchisemobili.com\/it\/wp-json\/wp\/v2\/comments?post=3860"}],"version-history":[{"count":5,"href":"https:\/\/www.soccianchisemobili.com\/it\/wp-json\/wp\/v2\/pages\/3860\/revisions"}],"predecessor-version":[{"id":4637,"href":"https:\/\/www.soccianchisemobili.com\/it\/wp-json\/wp\/v2\/pages\/3860\/revisions\/4637"}],"wp:attachment":[{"href":"https:\/\/www.soccianchisemobili.com\/it\/wp-json\/wp\/v2\/media?parent=3860"}],"curies":[{"name":"wp","href":"https:\/\/api.w.org\/{rel}","templated":true}]}}